{"id":222,"date":"2023-03-28T10:11:00","date_gmt":"2023-03-28T13:11:00","guid":{"rendered":"https:\/\/topvalle.com.br\/?post_type=product&#038;p=222"},"modified":"2023-04-10T22:31:18","modified_gmt":"2023-04-11T01:31:18","slug":"podador-de-cerca-viva-ht-700","status":"publish","type":"product","link":"https:\/\/topvalle.com.br\/index.php\/produto\/podador-de-cerca-viva-ht-700\/","title":{"rendered":"Podador de cerca viva &#8211; HT-700"},"content":{"rendered":"<p>O aparador HT-700 \u00e9 ideal para aparar cercas vivas, sebes, arbustos, e praticar a topiaria, arte de podar as plantas em formas<br \/>\nornamentais. Robusto e eficiente, trabalha com total seguran\u00e7a: para acion\u00e1-lo, o operador precisa usar as duas m\u00e3os, o que evita acidentes.<br \/>\nPossui sistema de prote\u00e7\u00e3o ao usu\u00e1rio, podendo ser acionado somente com as duas m\u00e3os.<br \/>\nTrava para extens\u00e3o el\u00e9trica.<br \/>\nL\u00e2minas afi\u00e1veis.<br \/>\nMotor universal (escovas).<br \/>\nGarantia: 6 meses (3 meses garantia legal, 3 meses garantia especial TRAPP).<\/p>\n","protected":false},"excerpt":{"rendered":"<p>O aparador HT-700 \u00e9 ideal para aparar cercas vivas, sebes, arbustos, e praticar a topiaria, arte de podar as plantas em formas<br \/>\nornamentais. Robusto e eficiente, trabalha com total seguran\u00e7a: para acion\u00e1-lo, o operador precisa usar as duas m\u00e3os, o que evita acidentes.<br \/>\nPossui sistema de prote\u00e7\u00e3o ao usu\u00e1rio, podendo ser acionado<\/p>\n","protected":false},"featured_media":223,"comment_status":"open","ping_status":"closed","template":"","meta":[],"product_cat":[15],"product_tag":[29,26,30,28],"_links":{"self":[{"href":"https:\/\/topvalle.com.br\/index.php\/wp-json\/wp\/v2\/product\/222"}],"collection":[{"href":"https:\/\/topvalle.com.br\/index.php\/wp-json\/wp\/v2\/product"}],"about":[{"href":"https:\/\/topvalle.com.br\/index.php\/wp-json\/wp\/v2\/types\/product"}],"replies":[{"embeddable":true,"href":"https:\/\/topvalle.com.br\/index.php\/wp-json\/wp\/v2\/comments?post=222"}],"wp:featuredmedia":[{"embeddable":true,"href":"https:\/\/topvalle.com.br\/index.php\/wp-json\/wp\/v2\/media\/223"}],"wp:attachment":[{"href":"https:\/\/topvalle.com.br\/index.php\/wp-json\/wp\/v2\/media?parent=222"}],"wp:term":[{"taxonomy":"product_cat","embeddable":true,"href":"https:\/\/topvalle.com.br\/index.php\/wp-json\/wp\/v2\/product_cat?post=222"},{"taxonomy":"product_tag","embeddable":true,"href":"https:\/\/topvalle.com.br\/index.php\/wp-json\/wp\/v2\/product_tag?post=222"}],"curies":[{"name":"wp","href":"https:\/\/api.w.org\/{rel}","templated":true}]}}