{"id":228,"date":"2023-03-30T17:24:53","date_gmt":"2023-03-30T20:24:53","guid":{"rendered":"https:\/\/topvalle.com.br\/?post_type=product&#038;p=228"},"modified":"2023-06-18T18:49:47","modified_gmt":"2023-06-18T21:49:47","slug":"aparador-de-grama-eletrico-tramontina-ap1000t-com-diametro-de-corte-de-280-mm-1000-w-220-v","status":"publish","type":"product","link":"https:\/\/topvalle.com.br\/index.php\/produto\/aparador-de-grama-eletrico-tramontina-ap1000t-com-diametro-de-corte-de-280-mm-1000-w-220-v\/","title":{"rendered":"Aparador de Grama El\u00e9trico Tramontina AP1000T com Di\u00e2metro de Corte de 280 mm 1000 W 220 V"},"content":{"rendered":"<p>Nada como apreciar os dias de sol com a fam\u00edlia no jardim, n\u00e3o \u00e9 mesmo? E para isso \u00e9 preciso manter a grama aparada e bonita. Com o aparador de grama el\u00e9trico Tramontina AP1000T com di\u00e2metro de corte de 280 mm 1000 W 220 V voc\u00ea ter\u00e1 mais praticidade e agilidade na hora de cortar a grama. Ele \u00e9 a melhor op\u00e7\u00e3o para voc\u00ea realizar acabamentos, contornos e bordas no jardim. Al\u00e9m disso, oferece um manuseio confort\u00e1vel e seguro. A melhor escolha para o seu jardim ser um verdadeiro sucesso.<\/p>\n","protected":false},"excerpt":{"rendered":"<p>Nada como apreciar os dias de sol com a fam\u00edlia no jardim, n\u00e3o \u00e9 mesmo? E para isso \u00e9 preciso manter a grama aparada e bonita.<\/p>\n","protected":false},"featured_media":229,"comment_status":"open","ping_status":"closed","template":"","meta":[],"product_cat":[35,33],"product_tag":[],"_links":{"self":[{"href":"https:\/\/topvalle.com.br\/index.php\/wp-json\/wp\/v2\/product\/228"}],"collection":[{"href":"https:\/\/topvalle.com.br\/index.php\/wp-json\/wp\/v2\/product"}],"about":[{"href":"https:\/\/topvalle.com.br\/index.php\/wp-json\/wp\/v2\/types\/product"}],"replies":[{"embeddable":true,"href":"https:\/\/topvalle.com.br\/index.php\/wp-json\/wp\/v2\/comments?post=228"}],"wp:featuredmedia":[{"embeddable":true,"href":"https:\/\/topvalle.com.br\/index.php\/wp-json\/wp\/v2\/media\/229"}],"wp:attachment":[{"href":"https:\/\/topvalle.com.br\/index.php\/wp-json\/wp\/v2\/media?parent=228"}],"wp:term":[{"taxonomy":"product_cat","embeddable":true,"href":"https:\/\/topvalle.com.br\/index.php\/wp-json\/wp\/v2\/product_cat?post=228"},{"taxonomy":"product_tag","embeddable":true,"href":"https:\/\/topvalle.com.br\/index.php\/wp-json\/wp\/v2\/product_tag?post=228"}],"curies":[{"name":"wp","href":"https:\/\/api.w.org\/{rel}","templated":true}]}}