{"id":238,"date":"2023-03-31T14:11:57","date_gmt":"2023-03-31T17:11:57","guid":{"rendered":"https:\/\/topvalle.com.br\/?post_type=product&#038;p=238"},"modified":"2023-04-03T12:30:03","modified_gmt":"2023-04-03T15:30:03","slug":"b4t-6000-tr","status":"publish","type":"product","link":"https:\/\/topvalle.com.br\/index.php\/produto\/b4t-6000-tr\/","title":{"rendered":"B4T-6000 TR"},"content":{"rendered":"<p>Conhe\u00e7a o B4T-6000 TR o cortador da Branco tracionado com bolsa recolhedora de 60 litros. O equipamento conta com 5 posi\u00e7\u00f5es de altura, que variam de 1,5cm a 7,5 cm e uma largura de corte de 20&#8221;\/50cm. O B4T-6000 TR possui motor Branco de 6,0 cv e sua tra\u00e7\u00e3o traseira do produto proporciona uma maior estabilidade na hora do uso, sendo o equipamento ideal para cortes de grandes \u00e1reas<\/p>\n","protected":false},"excerpt":{"rendered":"<p>Conhe\u00e7a o B4T-6000 TR o cortador da Branco tracionado com bolsa recolhedora de 60 litros. O equipamento conta com 5 posi\u00e7\u00f5es de altura, que variam de 1,5cm a 7,5 cm e uma largura de corte de 20&#8221;\/50cm.<\/p>\n","protected":false},"featured_media":239,"comment_status":"open","ping_status":"closed","template":"","meta":[],"product_cat":[36,33],"product_tag":[],"_links":{"self":[{"href":"https:\/\/topvalle.com.br\/index.php\/wp-json\/wp\/v2\/product\/238"}],"collection":[{"href":"https:\/\/topvalle.com.br\/index.php\/wp-json\/wp\/v2\/product"}],"about":[{"href":"https:\/\/topvalle.com.br\/index.php\/wp-json\/wp\/v2\/types\/product"}],"replies":[{"embeddable":true,"href":"https:\/\/topvalle.com.br\/index.php\/wp-json\/wp\/v2\/comments?post=238"}],"wp:featuredmedia":[{"embeddable":true,"href":"https:\/\/topvalle.com.br\/index.php\/wp-json\/wp\/v2\/media\/239"}],"wp:attachment":[{"href":"https:\/\/topvalle.com.br\/index.php\/wp-json\/wp\/v2\/media?parent=238"}],"wp:term":[{"taxonomy":"product_cat","embeddable":true,"href":"https:\/\/topvalle.com.br\/index.php\/wp-json\/wp\/v2\/product_cat?post=238"},{"taxonomy":"product_tag","embeddable":true,"href":"https:\/\/topvalle.com.br\/index.php\/wp-json\/wp\/v2\/product_tag?post=238"}],"curies":[{"name":"wp","href":"https:\/\/api.w.org\/{rel}","templated":true}]}}