{"id":240,"date":"2023-03-31T14:14:27","date_gmt":"2023-03-31T17:14:27","guid":{"rendered":"https:\/\/topvalle.com.br\/?post_type=product&#038;p=240"},"modified":"2023-12-18T19:26:14","modified_gmt":"2023-12-18T22:26:14","slug":"cortador-de-grama-a-gasolina-tramontina-cc50m-diametro-de-corte-de-500-mm-motor-6-hp-e-chassi-metalico","status":"publish","type":"product","link":"https:\/\/topvalle.com.br\/index.php\/produto\/cortador-de-grama-a-gasolina-tramontina-cc50m-diametro-de-corte-de-500-mm-motor-6-hp-e-chassi-metalico\/","title":{"rendered":"Cortador de Grama a Gasolina Tramontina CC50M Di\u00e2metro de Corte de 500 mm Motor 6 hp e Chassi Met\u00e1lico"},"content":{"rendered":"<p>O cortador de grama a gasolina Tramontina CC50M di\u00e2metro de corte de 500 mm motor 6 hp e chassi met\u00e1lico ser\u00e1 a solu\u00e7\u00e3o ideal quando trata-se de deixar o jardim bonito, principalmente em gramados mais extensos. Um produto inovador e de alta qualidade, que oferece robustez, praticidade e agilidade no corte. O CC50M possibilita o uso em locais onde n\u00e3o h\u00e1 disponibilidade de energia el\u00e9trica. Com ele voc\u00ea ter\u00e1 mais conforto e seguran\u00e7a durante a opera\u00e7\u00e3o. Fa\u00e7a diferente, escolha Tramontina!<\/p>\n","protected":false},"excerpt":{"rendered":"<p>O cortador de grama a gasolina Tramontina CC50M di\u00e2metro de corte de 500 mm motor 6 hp e chassi met\u00e1lico ser\u00e1 a solu\u00e7\u00e3o ideal<\/p>\n","protected":false},"featured_media":241,"comment_status":"open","ping_status":"closed","template":"","meta":[],"product_cat":[36,33],"product_tag":[],"_links":{"self":[{"href":"https:\/\/topvalle.com.br\/index.php\/wp-json\/wp\/v2\/product\/240"}],"collection":[{"href":"https:\/\/topvalle.com.br\/index.php\/wp-json\/wp\/v2\/product"}],"about":[{"href":"https:\/\/topvalle.com.br\/index.php\/wp-json\/wp\/v2\/types\/product"}],"replies":[{"embeddable":true,"href":"https:\/\/topvalle.com.br\/index.php\/wp-json\/wp\/v2\/comments?post=240"}],"wp:featuredmedia":[{"embeddable":true,"href":"https:\/\/topvalle.com.br\/index.php\/wp-json\/wp\/v2\/media\/241"}],"wp:attachment":[{"href":"https:\/\/topvalle.com.br\/index.php\/wp-json\/wp\/v2\/media?parent=240"}],"wp:term":[{"taxonomy":"product_cat","embeddable":true,"href":"https:\/\/topvalle.com.br\/index.php\/wp-json\/wp\/v2\/product_cat?post=240"},{"taxonomy":"product_tag","embeddable":true,"href":"https:\/\/topvalle.com.br\/index.php\/wp-json\/wp\/v2\/product_tag?post=240"}],"curies":[{"name":"wp","href":"https:\/\/api.w.org\/{rel}","templated":true}]}}