{"id":246,"date":"2023-03-31T14:21:39","date_gmt":"2023-03-31T17:21:39","guid":{"rendered":"https:\/\/topvalle.com.br\/?post_type=product&#038;p=246"},"modified":"2023-04-03T12:29:43","modified_gmt":"2023-04-03T15:29:43","slug":"mc-35l","status":"publish","type":"product","link":"https:\/\/topvalle.com.br\/index.php\/produto\/mc-35l\/","title":{"rendered":"MC-35L"},"content":{"rendered":"<p>Recomendados para jardins residenciais de aproximadamente 500 m\u00b2.<br \/>\nEquipados com bot\u00e3o trava de seguran\u00e7a que impede o<br \/>\nacionamento acidental da m\u00e1quina, liberando a partida do motor somente quando<br \/>\npressionado. Chave el\u00e9trica interruptora bipolar que permite isola\u00e7\u00e3o total,<br \/>\nindependente da posi\u00e7\u00e3o do plugue na tomada.<br \/>\nCabo ergon\u00f4mico para maior conforto do operador, dobr\u00e1vel, facilitando o<br \/>\ntransporte e armazenamento.<br \/>\nTrava para extens\u00e3o el\u00e9trica.<br \/>\nRodas de polietileno de alta densidade.<br \/>\nMotores de indu\u00e7\u00e3o, monof\u00e1sicos de 2 polos, instalados num compartimento de<br \/>\npolietileno de alta densidade (para prote\u00e7\u00e3o contra descargas el\u00e9tricas).<br \/>\nBase: Em chapa de a\u00e7o de 1,5 mm de espessura.<br \/>\nL\u00e2mina: Em a\u00e7o especial com espessura 1,7 mm, com t\u00eampera por indu\u00e7\u00e3o no fio<br \/>\nde corte, fixada ao motor atrav\u00e9s de pe\u00e7as feitas em nylon de alta resist\u00eancia,<br \/>\nobtendo total isola\u00e7\u00e3o contra choques el\u00e9tricos.<br \/>\nRegulagem de altura de corte: Em 5 posi\u00e7\u00f5es, com varia\u00e7\u00e3o de 3 a 8,2 cm (sistema de regulagem de altura individual nas 4 rodas).<br \/>\nAcabamento: Todas as pe\u00e7as met\u00e1licas recebem tratamento anticorrosivo e<br \/>\npintura com tinta a p\u00f3 de poli\u00e9ster polimerizado em estufa a 220 \u00b0C, garantindo<br \/>\nmaior durabilidade e acabamento.<br \/>\nRendimento aproximado: 400 m\u00b2\/h.<br \/>\nGarantia: 12 meses (3 meses garantia legal, 9 meses garantia especial TRAPP).<\/p>\n","protected":false},"excerpt":{"rendered":"<p>Recomendados para jardins residenciais de aproximadamente 500 m\u00b2.<br \/>\nEquipados com bot\u00e3o trava de seguran\u00e7a que impede o<br \/>\nacionamento acidental da m\u00e1quina, liberando a partida do motor somente quando<br \/>\npressionado.<\/p>\n","protected":false},"featured_media":247,"comment_status":"open","ping_status":"closed","template":"","meta":[],"product_cat":[37,33],"product_tag":[],"_links":{"self":[{"href":"https:\/\/topvalle.com.br\/index.php\/wp-json\/wp\/v2\/product\/246"}],"collection":[{"href":"https:\/\/topvalle.com.br\/index.php\/wp-json\/wp\/v2\/product"}],"about":[{"href":"https:\/\/topvalle.com.br\/index.php\/wp-json\/wp\/v2\/types\/product"}],"replies":[{"embeddable":true,"href":"https:\/\/topvalle.com.br\/index.php\/wp-json\/wp\/v2\/comments?post=246"}],"wp:featuredmedia":[{"embeddable":true,"href":"https:\/\/topvalle.com.br\/index.php\/wp-json\/wp\/v2\/media\/247"}],"wp:attachment":[{"href":"https:\/\/topvalle.com.br\/index.php\/wp-json\/wp\/v2\/media?parent=246"}],"wp:term":[{"taxonomy":"product_cat","embeddable":true,"href":"https:\/\/topvalle.com.br\/index.php\/wp-json\/wp\/v2\/product_cat?post=246"},{"taxonomy":"product_tag","embeddable":true,"href":"https:\/\/topvalle.com.br\/index.php\/wp-json\/wp\/v2\/product_tag?post=246"}],"curies":[{"name":"wp","href":"https:\/\/api.w.org\/{rel}","templated":true}]}}