{"id":248,"date":"2023-03-31T14:23:56","date_gmt":"2023-03-31T17:23:56","guid":{"rendered":"https:\/\/topvalle.com.br\/?post_type=product&#038;p=248"},"modified":"2023-04-03T12:29:37","modified_gmt":"2023-04-03T15:29:37","slug":"beaver-inducao-rocadeira-eletrica-monofasica","status":"publish","type":"product","link":"https:\/\/topvalle.com.br\/index.php\/produto\/beaver-inducao-rocadeira-eletrica-monofasica\/","title":{"rendered":"BEAVER INDU\u00c7\u00c3O RO\u00c7ADEIRA EL\u00c9TRICA MONOF\u00c1SICA"},"content":{"rendered":"<p>Preferida das empreiteiras e empresas de limpeza em vias p\u00fablicas. Sua motoriza\u00e7\u00e3o permite o funcionamento cont\u00ednuo de at\u00e9 8 horas ininterruptas, isto aliado ao bom desempenho com geradores port\u00e1teis, a fazem a escolha ideal para usos cont\u00ednuos com baixa manuten\u00e7\u00e3o. Seu motor el\u00e9trico de indu\u00e7\u00e3o monof\u00e1sico ou trif\u00e1sico com capacitor permanente suporta as mais severas condi\u00e7\u00f5es de trabalho, tanto com l\u00e2mina de corte, ou com cortador de fio de nylon modelo Big, este ideal para esta ro\u00e7adeira.<\/p>\n<p>\u2022 Novo motor com dupla passagem de ar, interna e externa, melhorando a refrigera\u00e7\u00e3o<br \/>\n\u2022 Melhor rela\u00e7\u00e3o custo benef\u00edcio para uso profissional<br \/>\n\u2022 Uso indicado para gerador (1kva\/m\u00e1quina)<\/p>\n<p>CARACTER\u00cdSTICAS T\u00c9CNICAS:<\/p>\n<p>\u2022 Motor: El\u00e9trico de indu\u00e7\u00e3o com capacitor permanente<br \/>\n\u2022 Voltagem: 110 ou 220 volts<br \/>\n\u2022 Rota\u00e7\u00e3o: 3500 RPM<br \/>\n\u2022 Pot\u00eancia: 370 Watts<br \/>\n\u2022 Peso: 9,150 Kg<\/p>\n","protected":false},"excerpt":{"rendered":"<p>Preferida das empreiteiras e empresas de limpeza em vias p\u00fablicas. Sua motoriza\u00e7\u00e3o permite o funcionamento cont\u00ednuo de at\u00e9 8 horas ininterruptas, isto aliado ao bom desempenho com geradores port\u00e1teis, a fazem a escolha ideal para usos cont\u00ednuos com baixa manuten\u00e7\u00e3o. Seu motor el\u00e9trico de indu\u00e7\u00e3o monof\u00e1sico ou trif\u00e1sico com capacitor permanente suporta as mais severas condi\u00e7\u00f5es de trabalho, tanto com l\u00e2mina de corte, ou com cortador de fio de nylon modelo Big, este ideal para esta ro\u00e7adeira.<\/p>\n","protected":false},"featured_media":249,"comment_status":"open","ping_status":"closed","template":"","meta":[],"product_cat":[33,38],"product_tag":[],"_links":{"self":[{"href":"https:\/\/topvalle.com.br\/index.php\/wp-json\/wp\/v2\/product\/248"}],"collection":[{"href":"https:\/\/topvalle.com.br\/index.php\/wp-json\/wp\/v2\/product"}],"about":[{"href":"https:\/\/topvalle.com.br\/index.php\/wp-json\/wp\/v2\/types\/product"}],"replies":[{"embeddable":true,"href":"https:\/\/topvalle.com.br\/index.php\/wp-json\/wp\/v2\/comments?post=248"}],"wp:featuredmedia":[{"embeddable":true,"href":"https:\/\/topvalle.com.br\/index.php\/wp-json\/wp\/v2\/media\/249"}],"wp:attachment":[{"href":"https:\/\/topvalle.com.br\/index.php\/wp-json\/wp\/v2\/media?parent=248"}],"wp:term":[{"taxonomy":"product_cat","embeddable":true,"href":"https:\/\/topvalle.com.br\/index.php\/wp-json\/wp\/v2\/product_cat?post=248"},{"taxonomy":"product_tag","embeddable":true,"href":"https:\/\/topvalle.com.br\/index.php\/wp-json\/wp\/v2\/product_tag?post=248"}],"curies":[{"name":"wp","href":"https:\/\/api.w.org\/{rel}","templated":true}]}}