{"id":250,"date":"2023-03-31T14:28:23","date_gmt":"2023-03-31T17:28:23","guid":{"rendered":"https:\/\/topvalle.com.br\/?post_type=product&#038;p=250"},"modified":"2023-04-03T12:29:32","modified_gmt":"2023-04-03T15:29:32","slug":"beaver-light-rocadeira-eletrica-monofasica","status":"publish","type":"product","link":"https:\/\/topvalle.com.br\/index.php\/produto\/beaver-light-rocadeira-eletrica-monofasica\/","title":{"rendered":"BEAVER LIGHT RO\u00c7ADEIRA EL\u00c9TRICA MONOF\u00c1SICA"},"content":{"rendered":"<p>Ideal para clubes, condom\u00ednios, ch\u00e1caras, s\u00edtios, escolas, hospitais, centro de recrea\u00e7\u00f5es e diversos lugares onde o corte de grama em grande extens\u00f5es devem acontecer de maneira silenciosa, efetiva e o mais importante, sem poluir o meio ambiente, ou seja ecologicamente correto !<\/p>\n<p>\u2022 A melhor rela\u00e7\u00e3o custo\/benef\u00edcio para uso semi-profissional.<\/p>\n<p>CARACTER\u00cdSTICAS T\u00c9CNICAS:<\/p>\n<p>\u2022 Motor: Monof\u00e1sico tipo universal<br \/>\n\u2022 Voltagem: 110 ou 220 volts<br \/>\n\u2022 Corrente: Tipo alternada, freq\u00fc\u00eancia 60Hz<br \/>\n\u2022 Rota\u00e7\u00e3o: 9000 RPM na l\u00e2mina sem carga<br \/>\n\u2022 Pot\u00eancia: Consumo nominal at\u00e9 1300 Watts<br \/>\n\u2022 Transmiss\u00e3o: Eixo card\u00e3 com redu\u00e7\u00e3o final<br \/>\n\u2022 Peso: 5,140 Kg<\/p>\n","protected":false},"excerpt":{"rendered":"<p>Ideal para clubes, condom\u00ednios, ch\u00e1caras, s\u00edtios, escolas, hospitais, centro de recrea\u00e7\u00f5es e diversos lugares onde o corte de grama em grande extens\u00f5es devem acontecer de maneira silenciosa, efetiva e o mais importante, sem poluir o meio ambiente, ou seja ecologicamente correto !<\/p>\n","protected":false},"featured_media":251,"comment_status":"open","ping_status":"closed","template":"","meta":[],"product_cat":[33,38],"product_tag":[],"_links":{"self":[{"href":"https:\/\/topvalle.com.br\/index.php\/wp-json\/wp\/v2\/product\/250"}],"collection":[{"href":"https:\/\/topvalle.com.br\/index.php\/wp-json\/wp\/v2\/product"}],"about":[{"href":"https:\/\/topvalle.com.br\/index.php\/wp-json\/wp\/v2\/types\/product"}],"replies":[{"embeddable":true,"href":"https:\/\/topvalle.com.br\/index.php\/wp-json\/wp\/v2\/comments?post=250"}],"wp:featuredmedia":[{"embeddable":true,"href":"https:\/\/topvalle.com.br\/index.php\/wp-json\/wp\/v2\/media\/251"}],"wp:attachment":[{"href":"https:\/\/topvalle.com.br\/index.php\/wp-json\/wp\/v2\/media?parent=250"}],"wp:term":[{"taxonomy":"product_cat","embeddable":true,"href":"https:\/\/topvalle.com.br\/index.php\/wp-json\/wp\/v2\/product_cat?post=250"},{"taxonomy":"product_tag","embeddable":true,"href":"https:\/\/topvalle.com.br\/index.php\/wp-json\/wp\/v2\/product_tag?post=250"}],"curies":[{"name":"wp","href":"https:\/\/api.w.org\/{rel}","templated":true}]}}