{"id":252,"date":"2023-03-31T14:32:26","date_gmt":"2023-03-31T17:32:26","guid":{"rendered":"https:\/\/topvalle.com.br\/?post_type=product&#038;p=252"},"modified":"2023-06-04T14:41:22","modified_gmt":"2023-06-04T17:41:22","slug":"beaver-hobby-rocadeira-eletrica-monofasica","status":"publish","type":"product","link":"https:\/\/topvalle.com.br\/index.php\/produto\/beaver-hobby-rocadeira-eletrica-monofasica\/","title":{"rendered":"BEAVER HOBBY RO\u00c7ADEIRA EL\u00c9TRICA MONOF\u00c1SICA"},"content":{"rendered":"<p>Especialmente projetada para o uso em pequenos gramados (at\u00e9 200m\u00b2) onde s\u00e3o necess\u00e1rios cortes e acabamentos mais detalhados. Ergonomia perfeita, gra\u00e7as ao seu cabo curvo, permitindo o corte sem afetar a coluna do operador.<\/p>\n<p>\u2022 O aparador mais leve do mercado.<br \/>\n\u2022 O melhor custo\/benef\u00edcio para uso dom\u00e9stico.<\/p>\n<p>CARACTER\u00cdSTICAS T\u00c9CNICAS:<\/p>\n<p>\u2022 Motor: Monof\u00e1sico<br \/>\n\u2022 Voltagem: 110 ou 220 volts<br \/>\n\u2022 Corrente: Tipo alternada, freq\u00fc\u00eancia 60Hz<br \/>\n\u2022 Tipo: Universal<br \/>\n\u2022 Rota\u00e7\u00e3o: 9000 RPM<br \/>\n\u2022 Pot\u00eancia: 1000 Watts<br \/>\n\u2022 Transmiss\u00e3o: Eixo card\u00e3 flex\u00edvel, sem redu\u00e7\u00e3o<br \/>\n\u2022 Peso: 5,140 Kg<\/p>\n","protected":false},"excerpt":{"rendered":"<p>Especialmente projetada para o uso em pequenos gramados (at\u00e9 200m\u00b2) onde s\u00e3o necess\u00e1rios cortes e acabamentos mais detalhados. Ergonomia perfeita, gra\u00e7as ao seu cabo curvo, permitindo o corte sem afetar a coluna do operador.<\/p>\n","protected":false},"featured_media":253,"comment_status":"open","ping_status":"closed","template":"","meta":[],"product_cat":[33,38],"product_tag":[],"_links":{"self":[{"href":"https:\/\/topvalle.com.br\/index.php\/wp-json\/wp\/v2\/product\/252"}],"collection":[{"href":"https:\/\/topvalle.com.br\/index.php\/wp-json\/wp\/v2\/product"}],"about":[{"href":"https:\/\/topvalle.com.br\/index.php\/wp-json\/wp\/v2\/types\/product"}],"replies":[{"embeddable":true,"href":"https:\/\/topvalle.com.br\/index.php\/wp-json\/wp\/v2\/comments?post=252"}],"wp:featuredmedia":[{"embeddable":true,"href":"https:\/\/topvalle.com.br\/index.php\/wp-json\/wp\/v2\/media\/253"}],"wp:attachment":[{"href":"https:\/\/topvalle.com.br\/index.php\/wp-json\/wp\/v2\/media?parent=252"}],"wp:term":[{"taxonomy":"product_cat","embeddable":true,"href":"https:\/\/topvalle.com.br\/index.php\/wp-json\/wp\/v2\/product_cat?post=252"},{"taxonomy":"product_tag","embeddable":true,"href":"https:\/\/topvalle.com.br\/index.php\/wp-json\/wp\/v2\/product_tag?post=252"}],"curies":[{"name":"wp","href":"https:\/\/api.w.org\/{rel}","templated":true}]}}