{"id":254,"date":"2023-03-31T14:34:24","date_gmt":"2023-03-31T17:34:24","guid":{"rendered":"https:\/\/topvalle.com.br\/?post_type=product&#038;p=254"},"modified":"2023-04-03T12:29:13","modified_gmt":"2023-04-03T15:29:13","slug":"master-1000-rocadeira-lateral-eletrica","status":"publish","type":"product","link":"https:\/\/topvalle.com.br\/index.php\/produto\/master-1000-rocadeira-lateral-eletrica\/","title":{"rendered":"MASTER 1000 Ro\u00e7adeira Lateral El\u00e9trica"},"content":{"rendered":"<p>Transmiss\u00e3o: Por meio de coroa e pinh\u00e3o, eixo card\u00e3 r\u00edgido.<br \/>\nMotor com escovas e protetor t\u00e9rmico (protege o motor de sobrecarga e aumento<br \/>\nde corrente).<br \/>\nLubrifica\u00e7\u00e3o: A cada 30 horas de uso lubrificar a caixa de transmiss\u00e3o.<br \/>\nGraxa: Master Grease 250 EP\/A \u2013 Lubrimaster.<br \/>\nAcompanha: Carretel com fio de nylon com di\u00e2metro de 2,4 mm e l\u00e2mina de 3<br \/>\npontas.<br \/>\nAcess\u00f3rio opcional: L\u00e2mina de 4 pontas, com furo central de 1\u201d para<br \/>\ncortes de pequenos arbustos e galhos de at\u00e9 \u00d850 mm e o refil de nylon para corte<br \/>\nde grama e acabamento, podendo ser encontrados em lojas especializadas.<br \/>\nGarantia: 6 meses (3 meses garantia legal, 3 meses garantia especial TRAPP).<\/p>\n","protected":false},"excerpt":{"rendered":"<p>Transmiss\u00e3o: Por meio de coroa e pinh\u00e3o, eixo card\u00e3 r\u00edgido.<br \/>\nMotor com escovas e protetor t\u00e9rmico (protege o motor de sobrecarga e aumento<br \/>\nde corrente).<\/p>\n","protected":false},"featured_media":255,"comment_status":"open","ping_status":"closed","template":"","meta":[],"product_cat":[33,38],"product_tag":[],"_links":{"self":[{"href":"https:\/\/topvalle.com.br\/index.php\/wp-json\/wp\/v2\/product\/254"}],"collection":[{"href":"https:\/\/topvalle.com.br\/index.php\/wp-json\/wp\/v2\/product"}],"about":[{"href":"https:\/\/topvalle.com.br\/index.php\/wp-json\/wp\/v2\/types\/product"}],"replies":[{"embeddable":true,"href":"https:\/\/topvalle.com.br\/index.php\/wp-json\/wp\/v2\/comments?post=254"}],"wp:featuredmedia":[{"embeddable":true,"href":"https:\/\/topvalle.com.br\/index.php\/wp-json\/wp\/v2\/media\/255"}],"wp:attachment":[{"href":"https:\/\/topvalle.com.br\/index.php\/wp-json\/wp\/v2\/media?parent=254"}],"wp:term":[{"taxonomy":"product_cat","embeddable":true,"href":"https:\/\/topvalle.com.br\/index.php\/wp-json\/wp\/v2\/product_cat?post=254"},{"taxonomy":"product_tag","embeddable":true,"href":"https:\/\/topvalle.com.br\/index.php\/wp-json\/wp\/v2\/product_tag?post=254"}],"curies":[{"name":"wp","href":"https:\/\/api.w.org\/{rel}","templated":true}]}}