{"id":260,"date":"2023-03-31T14:41:56","date_gmt":"2023-03-31T17:41:56","guid":{"rendered":"https:\/\/topvalle.com.br\/?post_type=product&#038;p=260"},"modified":"2023-04-03T12:28:49","modified_gmt":"2023-04-03T15:28:49","slug":"multifuncional-bfg-26-2t","status":"publish","type":"product","link":"https:\/\/topvalle.com.br\/index.php\/produto\/multifuncional-bfg-26-2t\/","title":{"rendered":"MULTIFUNCIONAL BFG 26 2T"},"content":{"rendered":"<p>RO\u00c7ADEIRA (COM L\u00c2MINA 03 PONTAS); &#8211; RO\u00c7ADEIRA (COM BOBINA DE NYLON); &#8211; MOTOPODA; &#8211; PODADOR DE CERCA VIVA;<\/p>\n","protected":false},"excerpt":{"rendered":"<p>RO\u00c7ADEIRA (COM L\u00c2MINA 03 PONTAS); &#8211; RO\u00c7ADEIRA (COM BOBINA DE NYLON); &#8211; MOTOPODA; &#8211; PODADOR DE CERCA VIVA;<\/p>\n","protected":false},"featured_media":291,"comment_status":"open","ping_status":"closed","template":"","meta":[],"product_cat":[33,40],"product_tag":[],"_links":{"self":[{"href":"https:\/\/topvalle.com.br\/index.php\/wp-json\/wp\/v2\/product\/260"}],"collection":[{"href":"https:\/\/topvalle.com.br\/index.php\/wp-json\/wp\/v2\/product"}],"about":[{"href":"https:\/\/topvalle.com.br\/index.php\/wp-json\/wp\/v2\/types\/product"}],"replies":[{"embeddable":true,"href":"https:\/\/topvalle.com.br\/index.php\/wp-json\/wp\/v2\/comments?post=260"}],"wp:featuredmedia":[{"embeddable":true,"href":"https:\/\/topvalle.com.br\/index.php\/wp-json\/wp\/v2\/media\/291"}],"wp:attachment":[{"href":"https:\/\/topvalle.com.br\/index.php\/wp-json\/wp\/v2\/media?parent=260"}],"wp:term":[{"taxonomy":"product_cat","embeddable":true,"href":"https:\/\/topvalle.com.br\/index.php\/wp-json\/wp\/v2\/product_cat?post=260"},{"taxonomy":"product_tag","embeddable":true,"href":"https:\/\/topvalle.com.br\/index.php\/wp-json\/wp\/v2\/product_tag?post=260"}],"curies":[{"name":"wp","href":"https:\/\/api.w.org\/{rel}","templated":true}]}}