{"id":292,"date":"2023-03-31T14:46:45","date_gmt":"2023-03-31T17:46:45","guid":{"rendered":"https:\/\/topvalle.com.br\/?post_type=product&#038;p=292"},"modified":"2023-04-03T12:28:43","modified_gmt":"2023-04-03T15:28:43","slug":"br-26-multi","status":"publish","type":"product","link":"https:\/\/topvalle.com.br\/index.php\/produto\/br-26-multi\/","title":{"rendered":"BR 26 MULTI"},"content":{"rendered":"<p>Com um design exclusivo a nova ro\u00e7adeira da Branco BR 26 MULTI conta com eixo bipartido oferecendo praticidade no transporte. Junto com o produto acompanham os acess\u00f3rios de aparador de cerca viva e serra poda, al\u00e9m disso acompanha a l\u00e2mina 3 pontas e carretel de nylon, facilitando seu trabalho em um s\u00f3 equipamento. Sua mangueira de combust\u00edvel com padr\u00e3o automotivo evita o ressecamento e a manuten\u00e7\u00e3o precoce. \u00c9 um equipamento leve, funcional e potente, oferecendo mais qualidade e produtividade para o seu trabalho.<\/p>\n","protected":false},"excerpt":{"rendered":"<p>Com um design exclusivo a nova ro\u00e7adeira da Branco BR 26 MULTI conta com eixo bipartido oferecendo praticidade no transporte. Junto com o produto acompanham os acess\u00f3rios de aparador de cerca viva e serra poda<\/p>\n","protected":false},"featured_media":293,"comment_status":"open","ping_status":"closed","template":"","meta":[],"product_cat":[33,40],"product_tag":[],"_links":{"self":[{"href":"https:\/\/topvalle.com.br\/index.php\/wp-json\/wp\/v2\/product\/292"}],"collection":[{"href":"https:\/\/topvalle.com.br\/index.php\/wp-json\/wp\/v2\/product"}],"about":[{"href":"https:\/\/topvalle.com.br\/index.php\/wp-json\/wp\/v2\/types\/product"}],"replies":[{"embeddable":true,"href":"https:\/\/topvalle.com.br\/index.php\/wp-json\/wp\/v2\/comments?post=292"}],"wp:featuredmedia":[{"embeddable":true,"href":"https:\/\/topvalle.com.br\/index.php\/wp-json\/wp\/v2\/media\/293"}],"wp:attachment":[{"href":"https:\/\/topvalle.com.br\/index.php\/wp-json\/wp\/v2\/media?parent=292"}],"wp:term":[{"taxonomy":"product_cat","embeddable":true,"href":"https:\/\/topvalle.com.br\/index.php\/wp-json\/wp\/v2\/product_cat?post=292"},{"taxonomy":"product_tag","embeddable":true,"href":"https:\/\/topvalle.com.br\/index.php\/wp-json\/wp\/v2\/product_tag?post=292"}],"curies":[{"name":"wp","href":"https:\/\/api.w.org\/{rel}","templated":true}]}}