{"id":294,"date":"2023-03-31T14:49:27","date_gmt":"2023-03-31T17:49:27","guid":{"rendered":"https:\/\/topvalle.com.br\/?post_type=product&#038;p=294"},"modified":"2023-04-03T12:28:38","modified_gmt":"2023-04-03T15:28:38","slug":"rocadeira-tbc63","status":"publish","type":"product","link":"https:\/\/topvalle.com.br\/index.php\/produto\/rocadeira-tbc63\/","title":{"rendered":"RO\u00c7ADEIRA \u2013 TBC63"},"content":{"rendered":"<p>A Ro\u00e7adeira Lateral Toyama TBC63 foi projetada para o uso frequente. \u00c9 equipada com um motor 2 tempos de 63,3 cc. Oferece uma \u00f3tima rela\u00e7\u00e3o peso-pot\u00eancia, que proporciona baixo consumo de combust\u00edvel.<br \/>\nPossui um eixo extra longo que permite uma varredura de corte mais ampla, diminuindo o tempo de opera\u00e7\u00e3o e aumentando a produtividade di\u00e1ria. Conta com um sistema de amortecimento de alto desempenho que isola o motor do restante do conjunto, reduzindo efetivamente os n\u00edveis de vibra\u00e7\u00e3o para o operador. Seu guid\u00e3o com al\u00e7as angulares, foi especialmente projetado para proporcionar uma experi\u00eancia ergon\u00f4mica e confort\u00e1vel.<br \/>\nAtende as demandas frequentes, sendo indicada para atividades como: corte de grama, ervas daninhas e vegeta\u00e7\u00e3o rasteira de grandes \u00e1reas em ch\u00e1caras, s\u00edtios e entre outras situa\u00e7\u00f5es onde se fizer necess\u00e1rio.<\/p>\n","protected":false},"excerpt":{"rendered":"<p>A Ro\u00e7adeira Lateral Toyama TBC63 foi projetada para o uso frequente. \u00c9 equipada com um motor 2 tempos de 63,3 cc. Oferece uma \u00f3tima rela\u00e7\u00e3o peso-pot\u00eancia, que proporciona baixo consumo de combust\u00edvel.<\/p>\n","protected":false},"featured_media":295,"comment_status":"open","ping_status":"closed","template":"","meta":[],"product_cat":[33,40],"product_tag":[],"_links":{"self":[{"href":"https:\/\/topvalle.com.br\/index.php\/wp-json\/wp\/v2\/product\/294"}],"collection":[{"href":"https:\/\/topvalle.com.br\/index.php\/wp-json\/wp\/v2\/product"}],"about":[{"href":"https:\/\/topvalle.com.br\/index.php\/wp-json\/wp\/v2\/types\/product"}],"replies":[{"embeddable":true,"href":"https:\/\/topvalle.com.br\/index.php\/wp-json\/wp\/v2\/comments?post=294"}],"wp:featuredmedia":[{"embeddable":true,"href":"https:\/\/topvalle.com.br\/index.php\/wp-json\/wp\/v2\/media\/295"}],"wp:attachment":[{"href":"https:\/\/topvalle.com.br\/index.php\/wp-json\/wp\/v2\/media?parent=294"}],"wp:term":[{"taxonomy":"product_cat","embeddable":true,"href":"https:\/\/topvalle.com.br\/index.php\/wp-json\/wp\/v2\/product_cat?post=294"},{"taxonomy":"product_tag","embeddable":true,"href":"https:\/\/topvalle.com.br\/index.php\/wp-json\/wp\/v2\/product_tag?post=294"}],"curies":[{"name":"wp","href":"https:\/\/api.w.org\/{rel}","templated":true}]}}