{"id":298,"date":"2023-03-31T15:23:41","date_gmt":"2023-03-31T18:23:41","guid":{"rendered":"https:\/\/topvalle.com.br\/?post_type=product&#038;p=298"},"modified":"2023-04-03T12:28:23","modified_gmt":"2023-04-03T15:28:23","slug":"aparador-de-cerca-viva-tht26x","status":"publish","type":"product","link":"https:\/\/topvalle.com.br\/index.php\/produto\/aparador-de-cerca-viva-tht26x\/","title":{"rendered":"APARADOR DE CERCA VIVA \u2013 THT26X"},"content":{"rendered":"<p>O Aparador de Cerca Viva Toyama THT26X foi desenvolvido para o uso frequente. \u00c9 equipado com motor 2 tempos de 25,4 cc. Ideal para complementar a rela\u00e7\u00e3o de m\u00e1quinas utilizadas nos trabalhos de jardinagens.<br \/>\nPossui l\u00e2minas de corte com 600 mm de comprimento que proporcionam um \u00f3timo rendimento e reduz o tempo de opera\u00e7\u00e3o. Conta com manopla girat\u00f3ria que viabiliza os trabalhos nas mais variadas posi\u00e7\u00f5es.<br \/>\nAtende as demandas frequentes, sendo indicado para atividades como: podas de galhos em cercas vivas, modelagem de pequenos arbustos entre outras aplica\u00e7\u00f5es.<\/p>\n","protected":false},"excerpt":{"rendered":"<p>Atende as demandas frequentes, sendo indicado para atividades como: podas de galhos em cercas vivas, modelagem de pequenos arbustos entre outras aplica\u00e7\u00f5es.<\/p>\n","protected":false},"featured_media":299,"comment_status":"open","ping_status":"closed","template":"","meta":[],"product_cat":[44,45],"product_tag":[],"_links":{"self":[{"href":"https:\/\/topvalle.com.br\/index.php\/wp-json\/wp\/v2\/product\/298"}],"collection":[{"href":"https:\/\/topvalle.com.br\/index.php\/wp-json\/wp\/v2\/product"}],"about":[{"href":"https:\/\/topvalle.com.br\/index.php\/wp-json\/wp\/v2\/types\/product"}],"replies":[{"embeddable":true,"href":"https:\/\/topvalle.com.br\/index.php\/wp-json\/wp\/v2\/comments?post=298"}],"wp:featuredmedia":[{"embeddable":true,"href":"https:\/\/topvalle.com.br\/index.php\/wp-json\/wp\/v2\/media\/299"}],"wp:attachment":[{"href":"https:\/\/topvalle.com.br\/index.php\/wp-json\/wp\/v2\/media?parent=298"}],"wp:term":[{"taxonomy":"product_cat","embeddable":true,"href":"https:\/\/topvalle.com.br\/index.php\/wp-json\/wp\/v2\/product_cat?post=298"},{"taxonomy":"product_tag","embeddable":true,"href":"https:\/\/topvalle.com.br\/index.php\/wp-json\/wp\/v2\/product_tag?post=298"}],"curies":[{"name":"wp","href":"https:\/\/api.w.org\/{rel}","templated":true}]}}