{"id":302,"date":"2023-04-02T18:37:25","date_gmt":"2023-04-02T21:37:25","guid":{"rendered":"https:\/\/topvalle.com.br\/?post_type=product&#038;p=302"},"modified":"2023-04-03T12:28:10","modified_gmt":"2023-04-03T15:28:10","slug":"bm-140-elite","status":"publish","type":"product","link":"https:\/\/topvalle.com.br\/index.php\/produto\/bm-140-elite\/","title":{"rendered":"BM-140 ELITE"},"content":{"rendered":"<p>Por ser leve, compacta e com al\u00e7a superior para opera\u00e7\u00e3o, a BM 140 \u00e9 ideal para trabalhos de poda na agricultura e jardinagem profissional, facilitando os servi\u00e7os de altura, proporcionando maior controle e seguran\u00e7a.<\/p>\n","protected":false},"excerpt":{"rendered":"<p>Por ser leve, compacta e com al\u00e7a superior para opera\u00e7\u00e3o, a BM 140 \u00e9 ideal para trabalhos de poda na agricultura e jardinagem profissional<\/p>\n","protected":false},"featured_media":303,"comment_status":"open","ping_status":"closed","template":"","meta":[],"product_cat":[39,41],"product_tag":[],"_links":{"self":[{"href":"https:\/\/topvalle.com.br\/index.php\/wp-json\/wp\/v2\/product\/302"}],"collection":[{"href":"https:\/\/topvalle.com.br\/index.php\/wp-json\/wp\/v2\/product"}],"about":[{"href":"https:\/\/topvalle.com.br\/index.php\/wp-json\/wp\/v2\/types\/product"}],"replies":[{"embeddable":true,"href":"https:\/\/topvalle.com.br\/index.php\/wp-json\/wp\/v2\/comments?post=302"}],"wp:featuredmedia":[{"embeddable":true,"href":"https:\/\/topvalle.com.br\/index.php\/wp-json\/wp\/v2\/media\/303"}],"wp:attachment":[{"href":"https:\/\/topvalle.com.br\/index.php\/wp-json\/wp\/v2\/media?parent=302"}],"wp:term":[{"taxonomy":"product_cat","embeddable":true,"href":"https:\/\/topvalle.com.br\/index.php\/wp-json\/wp\/v2\/product_cat?post=302"},{"taxonomy":"product_tag","embeddable":true,"href":"https:\/\/topvalle.com.br\/index.php\/wp-json\/wp\/v2\/product_tag?post=302"}],"curies":[{"name":"wp","href":"https:\/\/api.w.org\/{rel}","templated":true}]}}