{"id":304,"date":"2023-04-02T18:38:56","date_gmt":"2023-04-02T21:38:56","guid":{"rendered":"https:\/\/topvalle.com.br\/?post_type=product&#038;p=304"},"modified":"2023-04-03T12:27:23","modified_gmt":"2023-04-03T15:27:23","slug":"motosserra-a-gasolina-tekna-cs60rsp20d","status":"publish","type":"product","link":"https:\/\/topvalle.com.br\/index.php\/produto\/motosserra-a-gasolina-tekna-cs60rsp20d\/","title":{"rendered":"Motosserra a Gasolina Tekna \u2013 CS60RSP20D"},"content":{"rendered":"<p>A Motosserra Tekna CS60RSP20D une resist\u00eancia e durabilidade, equipada com pe\u00e7as de alta qualidade e motor de 55,6 cilindradas \u00e9 capaz de realizar cortes precisos sem exigir grandes esfor\u00e7os. Acompanha corrente Oregon e Sabre Tekna.<\/p>\n<p>Com Sabre Tekna<br \/>\nCorrente Oregon<br \/>\nBomba de \u00d3leo Autom\u00e1tica<br \/>\nFreio de Seguran\u00e7a<br \/>\nSistema Anti-vibrat\u00f3rio<\/p>\n","protected":false},"excerpt":{"rendered":"<p>A Motosserra Tekna CS60RSP20D une resist\u00eancia e durabilidade, equipada com pe\u00e7as de alta qualidade e motor de 55,6 cilindradas \u00e9 capaz de realizar cortes precisos sem exigir grandes esfor\u00e7os. Acompanha corrente Oregon e Sabre Tekna.<\/p>\n","protected":false},"featured_media":305,"comment_status":"open","ping_status":"closed","template":"","meta":[],"product_cat":[39,41],"product_tag":[],"_links":{"self":[{"href":"https:\/\/topvalle.com.br\/index.php\/wp-json\/wp\/v2\/product\/304"}],"collection":[{"href":"https:\/\/topvalle.com.br\/index.php\/wp-json\/wp\/v2\/product"}],"about":[{"href":"https:\/\/topvalle.com.br\/index.php\/wp-json\/wp\/v2\/types\/product"}],"replies":[{"embeddable":true,"href":"https:\/\/topvalle.com.br\/index.php\/wp-json\/wp\/v2\/comments?post=304"}],"wp:featuredmedia":[{"embeddable":true,"href":"https:\/\/topvalle.com.br\/index.php\/wp-json\/wp\/v2\/media\/305"}],"wp:attachment":[{"href":"https:\/\/topvalle.com.br\/index.php\/wp-json\/wp\/v2\/media?parent=304"}],"wp:term":[{"taxonomy":"product_cat","embeddable":true,"href":"https:\/\/topvalle.com.br\/index.php\/wp-json\/wp\/v2\/product_cat?post=304"},{"taxonomy":"product_tag","embeddable":true,"href":"https:\/\/topvalle.com.br\/index.php\/wp-json\/wp\/v2\/product_tag?post=304"}],"curies":[{"name":"wp","href":"https:\/\/api.w.org\/{rel}","templated":true}]}}