{"id":306,"date":"2023-04-02T18:44:02","date_gmt":"2023-04-02T21:44:02","guid":{"rendered":"https:\/\/topvalle.com.br\/?post_type=product&#038;p=306"},"modified":"2023-04-03T12:27:12","modified_gmt":"2023-04-03T15:27:12","slug":"motosserra-a-gasolina-tcs72xp-16at","status":"publish","type":"product","link":"https:\/\/topvalle.com.br\/index.php\/produto\/motosserra-a-gasolina-tcs72xp-16at\/","title":{"rendered":"MOTOSSERRA A GASOLINA \u2013 TCS72XP-16AT"},"content":{"rendered":"<p>A Motosserra Toyama TCS72XP \u2013 16AT, foi desenvolvida para o uso profissional. \u00c9 equipada com motor de 72,2cc e sabre de 16\u2033 de ponta dura. Ideal para o operador que precisa de uma m\u00e1quina mais robusta e potente. Seu sistema de filtragem garante longa vida \u00fatil do filtro de ar, proporcionando um menor consumo de combust\u00edvel, sem sacrificar a pot\u00eancia da m\u00e1quina. Excelente sistema antivibra\u00e7\u00e3o, aprimora a qualidade e o rendimento de corte. Indicada para projetos profissionais florestais e de cuidados com \u00e1rvores, incluindo derrubadas e desbaste de \u00e1rvores de maior di\u00e2metro.<\/p>\n","protected":false},"excerpt":{"rendered":"<p>A Motosserra Toyama TCS72XP \u2013 16AT, foi desenvolvida para o uso profissional. \u00c9 equipada com motor de 72,2cc e sabre de 16\u2033 de ponta dura. Ideal para o operador que precisa de uma m\u00e1quina mais robusta e potente.<\/p>\n","protected":false},"featured_media":307,"comment_status":"open","ping_status":"closed","template":"","meta":[],"product_cat":[39,41],"product_tag":[],"_links":{"self":[{"href":"https:\/\/topvalle.com.br\/index.php\/wp-json\/wp\/v2\/product\/306"}],"collection":[{"href":"https:\/\/topvalle.com.br\/index.php\/wp-json\/wp\/v2\/product"}],"about":[{"href":"https:\/\/topvalle.com.br\/index.php\/wp-json\/wp\/v2\/types\/product"}],"replies":[{"embeddable":true,"href":"https:\/\/topvalle.com.br\/index.php\/wp-json\/wp\/v2\/comments?post=306"}],"wp:featuredmedia":[{"embeddable":true,"href":"https:\/\/topvalle.com.br\/index.php\/wp-json\/wp\/v2\/media\/307"}],"wp:attachment":[{"href":"https:\/\/topvalle.com.br\/index.php\/wp-json\/wp\/v2\/media?parent=306"}],"wp:term":[{"taxonomy":"product_cat","embeddable":true,"href":"https:\/\/topvalle.com.br\/index.php\/wp-json\/wp\/v2\/product_cat?post=306"},{"taxonomy":"product_tag","embeddable":true,"href":"https:\/\/topvalle.com.br\/index.php\/wp-json\/wp\/v2\/product_tag?post=306"}],"curies":[{"name":"wp","href":"https:\/\/api.w.org\/{rel}","templated":true}]}}