{"id":308,"date":"2023-04-02T18:46:57","date_gmt":"2023-04-02T21:46:57","guid":{"rendered":"https:\/\/topvalle.com.br\/?post_type=product&#038;p=308"},"modified":"2023-04-03T12:27:08","modified_gmt":"2023-04-03T15:27:08","slug":"sopro-aspirador-eletrico-2800w-127v-ou-220v","status":"publish","type":"product","link":"https:\/\/topvalle.com.br\/index.php\/produto\/sopro-aspirador-eletrico-2800w-127v-ou-220v\/","title":{"rendered":"SOPRO ASPIRADOR EL\u00c9TRICO 2800W 127V OU 220V"},"content":{"rendered":"<p>\u00c9 indicado para soprar e sugar folhas, pl\u00e1sticos e pequenos res\u00edduos em jardins, ruas, pra\u00e7as, quadras de esportes entre outros.<\/p>\n<p>Acompanha:<\/p>\n<p>&#8211; 1 bolsa de armazenamento.<\/p>\n","protected":false},"excerpt":{"rendered":"<p>\u00c9 indicado para soprar e sugar folhas, pl\u00e1sticos e pequenos res\u00edduos em jardins, ruas, pra\u00e7as, quadras de esportes entre outros.<\/p>\n","protected":false},"featured_media":309,"comment_status":"open","ping_status":"closed","template":"","meta":[],"product_cat":[46,42],"product_tag":[],"_links":{"self":[{"href":"https:\/\/topvalle.com.br\/index.php\/wp-json\/wp\/v2\/product\/308"}],"collection":[{"href":"https:\/\/topvalle.com.br\/index.php\/wp-json\/wp\/v2\/product"}],"about":[{"href":"https:\/\/topvalle.com.br\/index.php\/wp-json\/wp\/v2\/types\/product"}],"replies":[{"embeddable":true,"href":"https:\/\/topvalle.com.br\/index.php\/wp-json\/wp\/v2\/comments?post=308"}],"wp:featuredmedia":[{"embeddable":true,"href":"https:\/\/topvalle.com.br\/index.php\/wp-json\/wp\/v2\/media\/309"}],"wp:attachment":[{"href":"https:\/\/topvalle.com.br\/index.php\/wp-json\/wp\/v2\/media?parent=308"}],"wp:term":[{"taxonomy":"product_cat","embeddable":true,"href":"https:\/\/topvalle.com.br\/index.php\/wp-json\/wp\/v2\/product_cat?post=308"},{"taxonomy":"product_tag","embeddable":true,"href":"https:\/\/topvalle.com.br\/index.php\/wp-json\/wp\/v2\/product_tag?post=308"}],"curies":[{"name":"wp","href":"https:\/\/api.w.org\/{rel}","templated":true}]}}