{"id":314,"date":"2023-04-02T18:54:03","date_gmt":"2023-04-02T21:54:03","guid":{"rendered":"https:\/\/topvalle.com.br\/?post_type=product&#038;p=314"},"modified":"2023-04-03T12:26:55","modified_gmt":"2023-04-03T15:26:55","slug":"cortador-de-grama-dirigivel-13b8775s345","status":"publish","type":"product","link":"https:\/\/topvalle.com.br\/index.php\/produto\/cortador-de-grama-dirigivel-13b8775s345\/","title":{"rendered":"CORTADOR DE GRAMA DIRIG\u00cdVEL \u2013 13B8775S345"},"content":{"rendered":"<p>Trator Cortador de Grama Dirig\u00edvel Toyama 13B8775S345 \u00e9 equipado com motor a gasolina Power More de 19 HP e 547 cc, disp\u00f5e de transmiss\u00e3o manual de 7 velocidades.<\/p>\n<p>Possui partida el\u00e9trica e conta com far\u00f3is para ilumina\u00e7\u00e3o em trabalhos noturnos. Fabricado em chapas de a\u00e7o de alta resist\u00eancia, apresenta um sistema de corte com l\u00e2minas duplas de alto rendimento.<\/p>\n<p>Seu deck \u00e9 107 cm ou 42 polegadas de largura de corte, garante que voc\u00ea corte uma boa quantidade de grama a cada passagem, com cinco posi\u00e7\u00f5es de corte proporciona diferentes alturas para o seu gramado.<\/p>\n","protected":false},"excerpt":{"rendered":"<p>Trator Cortador de Grama Dirig\u00edvel Toyama 13B8775S345 \u00e9 equipado com motor a gasolina Power More de 19 HP e 547 cc, disp\u00f5e de transmiss\u00e3o manual de 7 velocidades.<\/p>\n","protected":false},"featured_media":315,"comment_status":"open","ping_status":"closed","template":"","meta":[],"product_cat":[33,47],"product_tag":[],"_links":{"self":[{"href":"https:\/\/topvalle.com.br\/index.php\/wp-json\/wp\/v2\/product\/314"}],"collection":[{"href":"https:\/\/topvalle.com.br\/index.php\/wp-json\/wp\/v2\/product"}],"about":[{"href":"https:\/\/topvalle.com.br\/index.php\/wp-json\/wp\/v2\/types\/product"}],"replies":[{"embeddable":true,"href":"https:\/\/topvalle.com.br\/index.php\/wp-json\/wp\/v2\/comments?post=314"}],"wp:featuredmedia":[{"embeddable":true,"href":"https:\/\/topvalle.com.br\/index.php\/wp-json\/wp\/v2\/media\/315"}],"wp:attachment":[{"href":"https:\/\/topvalle.com.br\/index.php\/wp-json\/wp\/v2\/media?parent=314"}],"wp:term":[{"taxonomy":"product_cat","embeddable":true,"href":"https:\/\/topvalle.com.br\/index.php\/wp-json\/wp\/v2\/product_cat?post=314"},{"taxonomy":"product_tag","embeddable":true,"href":"https:\/\/topvalle.com.br\/index.php\/wp-json\/wp\/v2\/product_tag?post=314"}],"curies":[{"name":"wp","href":"https:\/\/api.w.org\/{rel}","templated":true}]}}