{"id":316,"date":"2023-04-02T18:56:10","date_gmt":"2023-04-02T21:56:10","guid":{"rendered":"https:\/\/topvalle.com.br\/?post_type=product&#038;p=316"},"modified":"2023-12-03T20:39:48","modified_gmt":"2023-12-03T23:39:48","slug":"cortador-de-grama-dirigivel-giro-zero-17areacm342","status":"publish","type":"product","link":"https:\/\/topvalle.com.br\/index.php\/produto\/cortador-de-grama-dirigivel-giro-zero-17areacm342\/","title":{"rendered":"CORTADOR DE GRAMA DIRIGIVEL GIRO ZERO \u2013 17AREACM342"},"content":{"rendered":"<p>O Cortador de Grama Dirig\u00edvel Giro Zero Toyama 17AREACM342 foi projetado para uso profissional. \u00c9 equipado com motor Kohler de 24 HP de pot\u00eancia m\u00e1xima, com partida el\u00e9trica. A estrutura \u00e9 fabricada em a\u00e7o de alta resist\u00eancia e durabilidade. Possui 15 posi\u00e7\u00f5es de altura de corte e largura de 137 cm ou 54\u2033.<br \/>\nGiro Zero significa que o equipamento d\u00e1 um giro de 360\u00ba em torno do seu eixo central, tornando o corte de gramas mais r\u00e1pido e eficiente. Proporciona ao usu\u00e1rio excelente dirigibilidade e agilidade nas opera\u00e7\u00f5es, seus controles de comandos e freios est\u00e3o perfeitamente posicionados e se adaptam facilmente a qualquer usu\u00e1rio, flexibilizando o seu uso.<br \/>\nAtende as demandas profissionais, sendo indicado para: manuten\u00e7\u00e3o de gramados em ch\u00e1caras, fazendas, clubes de campo e campos de futebol. Sua produtividade pode chegar at\u00e9 10.000 m\u00b2\/h.<\/p>\n","protected":false},"excerpt":{"rendered":"<p>O Cortador de Grama Dirig\u00edvel Giro Zero Toyama 17AREACM342 foi projetado para uso profissional. \u00c9 equipado com motor Kohler de 24 HP de pot\u00eancia m\u00e1xima, com partida el\u00e9trica. A estrutura \u00e9 fabricada em a\u00e7o de alta resist\u00eancia e durabilidade. Possui 15 posi\u00e7\u00f5es de altura de corte e largura de 137 cm ou 54\u2033.<\/p>\n","protected":false},"featured_media":317,"comment_status":"open","ping_status":"closed","template":"","meta":[],"product_cat":[33,47],"product_tag":[],"_links":{"self":[{"href":"https:\/\/topvalle.com.br\/index.php\/wp-json\/wp\/v2\/product\/316"}],"collection":[{"href":"https:\/\/topvalle.com.br\/index.php\/wp-json\/wp\/v2\/product"}],"about":[{"href":"https:\/\/topvalle.com.br\/index.php\/wp-json\/wp\/v2\/types\/product"}],"replies":[{"embeddable":true,"href":"https:\/\/topvalle.com.br\/index.php\/wp-json\/wp\/v2\/comments?post=316"}],"wp:featuredmedia":[{"embeddable":true,"href":"https:\/\/topvalle.com.br\/index.php\/wp-json\/wp\/v2\/media\/317"}],"wp:attachment":[{"href":"https:\/\/topvalle.com.br\/index.php\/wp-json\/wp\/v2\/media?parent=316"}],"wp:term":[{"taxonomy":"product_cat","embeddable":true,"href":"https:\/\/topvalle.com.br\/index.php\/wp-json\/wp\/v2\/product_cat?post=316"},{"taxonomy":"product_tag","embeddable":true,"href":"https:\/\/topvalle.com.br\/index.php\/wp-json\/wp\/v2\/product_tag?post=316"}],"curies":[{"name":"wp","href":"https:\/\/api.w.org\/{rel}","templated":true}]}}