{"id":320,"date":"2023-04-02T18:59:34","date_gmt":"2023-04-02T21:59:34","guid":{"rendered":"https:\/\/topvalle.com.br\/?post_type=product&#038;p=320"},"modified":"2023-04-03T12:26:36","modified_gmt":"2023-04-03T15:26:36","slug":"gerador-de-energia-a-diesel-tdg6500bx","status":"publish","type":"product","link":"https:\/\/topvalle.com.br\/index.php\/produto\/gerador-de-energia-a-diesel-tdg6500bx\/","title":{"rendered":"GERADOR DE ENERGIA A DIESEL \u2013 TDG6500BX"},"content":{"rendered":"<p>Al\u00e9m disso, disp\u00f5e de um medidor digital que demonstra os par\u00e2metros de Tens\u00e3o (V), Frequ\u00eancia (Hz) e Tempo de Funcionamento (H). Com quadro estrutural de perfil tubular, equipados com placa met\u00e1lica protetiva sobre o motor, para prote\u00e7\u00e3o contra contato manual acidental e com janela para acionamento do descompressor manual, equipado com 4 rodas<\/p>\n<p>Atende as demandas frequentes, sendo indicado para diversas aplica\u00e7\u00f5es como ch\u00e1caras, estabelecimentos comerciais ou em quaisquer situa\u00e7\u00f5es que exijam a necessidade do fornecimento de energia el\u00e9trica.<\/p>\n<p>\u00c9 ideal para ligar l\u00e2mpadas, geladeiras, ventiladores, pequenas ferramentas el\u00e9tricas, motores el\u00e9tricos e entre outros. Garante performance diferenciada, efici\u00eancia e confiabilidade.<\/p>\n","protected":false},"excerpt":{"rendered":"<p>Al\u00e9m disso, disp\u00f5e de um medidor digital que demonstra os par\u00e2metros de Tens\u00e3o (V), Frequ\u00eancia (Hz) e Tempo de Funcionamento (H). Com quadro estrutural de perfil tubular, equipados com placa met\u00e1lica protetiva sobre o motor, para prote\u00e7\u00e3o contra contato manual acidental e com janela para acionamento do descompressor manual, equipado com 4 rodas<\/p>\n","protected":false},"featured_media":321,"comment_status":"open","ping_status":"closed","template":"","meta":[],"product_cat":[49,48],"product_tag":[],"_links":{"self":[{"href":"https:\/\/topvalle.com.br\/index.php\/wp-json\/wp\/v2\/product\/320"}],"collection":[{"href":"https:\/\/topvalle.com.br\/index.php\/wp-json\/wp\/v2\/product"}],"about":[{"href":"https:\/\/topvalle.com.br\/index.php\/wp-json\/wp\/v2\/types\/product"}],"replies":[{"embeddable":true,"href":"https:\/\/topvalle.com.br\/index.php\/wp-json\/wp\/v2\/comments?post=320"}],"wp:featuredmedia":[{"embeddable":true,"href":"https:\/\/topvalle.com.br\/index.php\/wp-json\/wp\/v2\/media\/321"}],"wp:attachment":[{"href":"https:\/\/topvalle.com.br\/index.php\/wp-json\/wp\/v2\/media?parent=320"}],"wp:term":[{"taxonomy":"product_cat","embeddable":true,"href":"https:\/\/topvalle.com.br\/index.php\/wp-json\/wp\/v2\/product_cat?post=320"},{"taxonomy":"product_tag","embeddable":true,"href":"https:\/\/topvalle.com.br\/index.php\/wp-json\/wp\/v2\/product_tag?post=320"}],"curies":[{"name":"wp","href":"https:\/\/api.w.org\/{rel}","templated":true}]}}