{"id":322,"date":"2023-04-02T19:01:47","date_gmt":"2023-04-02T22:01:47","guid":{"rendered":"https:\/\/topvalle.com.br\/?post_type=product&#038;p=322"},"modified":"2023-04-03T12:26:31","modified_gmt":"2023-04-03T15:26:31","slug":"gerador-de-energia-a-diesel-tdg7000sexp","status":"publish","type":"product","link":"https:\/\/topvalle.com.br\/index.php\/produto\/gerador-de-energia-a-diesel-tdg7000sexp\/","title":{"rendered":"GERADOR DE ENERGIA A DIESEL \u2013 TDG7000SEXP"},"content":{"rendered":"<p>Conta com sensor de n\u00edvel de \u00f3leo que impede seu funcionamento caso o n\u00edvel de \u00f3leo esteja abaixo do recomendado. Al\u00e9m disso, disp\u00f5e de um medidor digital que demonstra os par\u00e2metros de Tens\u00e3o (V); Frequ\u00eancia (Hz) e Tempo de Funcionamento (H).<\/p>\n<p>Sua constru\u00e7\u00e3o \u00e9 cabinada. A cabine \u00e9 fabricada em chapas de a\u00e7o com revestimento interno ac\u00fastico que reduz os n\u00edveis de emiss\u00f5es sonoras e consequente redu\u00e7\u00e3o de ru\u00eddo emitido. Conta ainda com 4 rodas, al\u00e7a para empurrar o gerador e um ponto de i\u00e7amento no topo da cabine. A cabine possui os cantos superiores arredondados, para a prote\u00e7\u00e3o do gerador durante o transporte<\/p>\n<p>Equipado com Interface para conex\u00e3o de painel de comando de transfer\u00eancia autom\u00e1tica (ATS) e partida do grupo gerador.<\/p>\n<p>Atende as demandas profissionais, sendo indicado para diversas aplica\u00e7\u00f5es como: constru\u00e7\u00e3o civil, pequenos com\u00e9rcios, resid\u00eancias ou em quaisquer situa\u00e7\u00f5es que exijam a necessidade do fornecimento de energia el\u00e9trica, com acionamento manual ou autom\u00e1tico (requer instala\u00e7\u00e3o de painel ATS \u2013 vendido separadamente). Garante performance diferenciada, efici\u00eancia e confiabilidade.<\/p>\n","protected":false},"excerpt":{"rendered":"<p>Conta com sensor de n\u00edvel de \u00f3leo que impede seu funcionamento caso o n\u00edvel de \u00f3leo esteja abaixo do recomendado. Al\u00e9m disso, disp\u00f5e de um medidor digital que demonstra os par\u00e2metros de Tens\u00e3o (V); Frequ\u00eancia (Hz) e Tempo de Funcionamento (H).<\/p>\n","protected":false},"featured_media":323,"comment_status":"open","ping_status":"closed","template":"","meta":[],"product_cat":[49,48],"product_tag":[],"_links":{"self":[{"href":"https:\/\/topvalle.com.br\/index.php\/wp-json\/wp\/v2\/product\/322"}],"collection":[{"href":"https:\/\/topvalle.com.br\/index.php\/wp-json\/wp\/v2\/product"}],"about":[{"href":"https:\/\/topvalle.com.br\/index.php\/wp-json\/wp\/v2\/types\/product"}],"replies":[{"embeddable":true,"href":"https:\/\/topvalle.com.br\/index.php\/wp-json\/wp\/v2\/comments?post=322"}],"wp:featuredmedia":[{"embeddable":true,"href":"https:\/\/topvalle.com.br\/index.php\/wp-json\/wp\/v2\/media\/323"}],"wp:attachment":[{"href":"https:\/\/topvalle.com.br\/index.php\/wp-json\/wp\/v2\/media?parent=322"}],"wp:term":[{"taxonomy":"product_cat","embeddable":true,"href":"https:\/\/topvalle.com.br\/index.php\/wp-json\/wp\/v2\/product_cat?post=322"},{"taxonomy":"product_tag","embeddable":true,"href":"https:\/\/topvalle.com.br\/index.php\/wp-json\/wp\/v2\/product_tag?post=322"}],"curies":[{"name":"wp","href":"https:\/\/api.w.org\/{rel}","templated":true}]}}