{"id":324,"date":"2023-04-02T19:03:37","date_gmt":"2023-04-02T22:03:37","guid":{"rendered":"https:\/\/topvalle.com.br\/?post_type=product&#038;p=324"},"modified":"2023-04-03T12:26:24","modified_gmt":"2023-04-03T15:26:24","slug":"324","status":"publish","type":"product","link":"https:\/\/topvalle.com.br\/index.php\/produto\/324\/","title":{"rendered":""},"content":{"rendered":"<p>Indicado para pequenas e m\u00e9dias necessidades de energia o Gerador B4T-2500 \u00e9 equipado com motor de 6,5cv e pot\u00eancia m\u00e1xima de 2,2 kva, contendo controle de tens\u00e3o \u00e9 por AVR. Possui tanque de 15 litros e autonomia de 15 horas, o B4T-2500 \u00e9 port\u00e1til e ideal para diversas aplica\u00e7\u00f5es. Vers\u00e3o partida el\u00e9trica com bateria de L\u00edtio.<\/p>\n","protected":false},"excerpt":{"rendered":"<p>Indicado para pequenas e m\u00e9dias necessidades de energia o Gerador B4T-2500 \u00e9 equipado com motor de 6,5cv e pot\u00eancia m\u00e1xima de 2,2 kva, contendo controle de tens\u00e3o \u00e9 por AVR.<\/p>\n","protected":false},"featured_media":325,"comment_status":"open","ping_status":"closed","template":"","meta":[],"product_cat":[50,48],"product_tag":[],"_links":{"self":[{"href":"https:\/\/topvalle.com.br\/index.php\/wp-json\/wp\/v2\/product\/324"}],"collection":[{"href":"https:\/\/topvalle.com.br\/index.php\/wp-json\/wp\/v2\/product"}],"about":[{"href":"https:\/\/topvalle.com.br\/index.php\/wp-json\/wp\/v2\/types\/product"}],"replies":[{"embeddable":true,"href":"https:\/\/topvalle.com.br\/index.php\/wp-json\/wp\/v2\/comments?post=324"}],"wp:featuredmedia":[{"embeddable":true,"href":"https:\/\/topvalle.com.br\/index.php\/wp-json\/wp\/v2\/media\/325"}],"wp:attachment":[{"href":"https:\/\/topvalle.com.br\/index.php\/wp-json\/wp\/v2\/media?parent=324"}],"wp:term":[{"taxonomy":"product_cat","embeddable":true,"href":"https:\/\/topvalle.com.br\/index.php\/wp-json\/wp\/v2\/product_cat?post=324"},{"taxonomy":"product_tag","embeddable":true,"href":"https:\/\/topvalle.com.br\/index.php\/wp-json\/wp\/v2\/product_tag?post=324"}],"curies":[{"name":"wp","href":"https:\/\/api.w.org\/{rel}","templated":true}]}}