{"id":326,"date":"2023-04-02T19:05:16","date_gmt":"2023-04-02T22:05:16","guid":{"rendered":"https:\/\/topvalle.com.br\/?post_type=product&#038;p=326"},"modified":"2024-01-16T19:42:41","modified_gmt":"2024-01-16T22:42:41","slug":"gerador-de-energia-a-gasolina-tg6500cxr-bivolt","status":"publish","type":"product","link":"https:\/\/topvalle.com.br\/index.php\/produto\/gerador-de-energia-a-gasolina-tg6500cxr-bivolt\/","title":{"rendered":"GERADOR DE ENERGIA A GASOLINA \u2013 TG6500CXR \u2013 BIVOLT"},"content":{"rendered":"<p>O Grupo Gerador de Energia Toyama TG6500CXR-Bivolt de corrente alternada foi desenvolvido para o uso frequente. \u00c9 equipado com motor de pist\u00e3o de igni\u00e7\u00e3o por centelha a Gasolina com 389 cc, monocil\u00edndrico, refrigerado a ar, com partida manual.<\/p>\n<p>Possui alternador s\u00edncrono, monof\u00e1sico bivolt 115\/230 V com chave seletora, 2 polos, com 6.0 kVA de pot\u00eancia m\u00e1xima, excitatriz rotativa por escovas, dotado de regulador eletr\u00f4nico autom\u00e1tico de tens\u00e3o (AVR).<\/p>\n<p>Conta com carregador de bateria auxiliar 12 VDC \/ 8 A e volt\u00edmetro anal\u00f3gico. Seu tanque com capacidade para 25 litros de combust\u00edvel, proporciona uma autonomia de at\u00e9 6.5 horas de funcionamento. Para facilitar sua mobilidade, disp\u00f5e de quadro resistente, rodas e al\u00e7as de transporte.<\/p>\n<p>Atende as demandas frequentes, sendo indicado para diversas aplica\u00e7\u00f5es como camping, resid\u00eancias, ch\u00e1caras, fazendas, estabelecimentos comerciais ou em quaisquer situa\u00e7\u00f5es que exijam a necessidade do fornecimento de energia el\u00e9trica.<\/p>\n<p>\u00c9 ideal para ligar l\u00e2mpadas, geladeiras, freezers, ventiladores, televisores, ar condicionado, ferramentas el\u00e9tricas e entre outros.<\/p>\n","protected":false},"excerpt":{"rendered":"<p>O Grupo Gerador de Energia Toyama TG6500CXR-Bivolt de corrente alternada foi desenvolvido para o uso frequente. \u00c9 equipado com motor de pist\u00e3o de igni\u00e7\u00e3o por centelha a Gasolina com 389 cc, monocil\u00edndrico, refrigerado a ar, com partida manual.<\/p>\n","protected":false},"featured_media":327,"comment_status":"open","ping_status":"closed","template":"","meta":[],"product_cat":[50,48],"product_tag":[],"_links":{"self":[{"href":"https:\/\/topvalle.com.br\/index.php\/wp-json\/wp\/v2\/product\/326"}],"collection":[{"href":"https:\/\/topvalle.com.br\/index.php\/wp-json\/wp\/v2\/product"}],"about":[{"href":"https:\/\/topvalle.com.br\/index.php\/wp-json\/wp\/v2\/types\/product"}],"replies":[{"embeddable":true,"href":"https:\/\/topvalle.com.br\/index.php\/wp-json\/wp\/v2\/comments?post=326"}],"wp:featuredmedia":[{"embeddable":true,"href":"https:\/\/topvalle.com.br\/index.php\/wp-json\/wp\/v2\/media\/327"}],"wp:attachment":[{"href":"https:\/\/topvalle.com.br\/index.php\/wp-json\/wp\/v2\/media?parent=326"}],"wp:term":[{"taxonomy":"product_cat","embeddable":true,"href":"https:\/\/topvalle.com.br\/index.php\/wp-json\/wp\/v2\/product_cat?post=326"},{"taxonomy":"product_tag","embeddable":true,"href":"https:\/\/topvalle.com.br\/index.php\/wp-json\/wp\/v2\/product_tag?post=326"}],"curies":[{"name":"wp","href":"https:\/\/api.w.org\/{rel}","templated":true}]}}