{"id":328,"date":"2023-04-02T19:06:59","date_gmt":"2023-04-02T22:06:59","guid":{"rendered":"https:\/\/topvalle.com.br\/?post_type=product&#038;p=328"},"modified":"2023-09-21T18:19:50","modified_gmt":"2023-09-21T21:19:50","slug":"gerador-de-energia-a-gasolina-tg950th-220","status":"publish","type":"product","link":"https:\/\/topvalle.com.br\/index.php\/produto\/gerador-de-energia-a-gasolina-tg950th-220\/","title":{"rendered":"GERADOR DE ENERGIA A GASOLINA \u2013 TG950TH-220"},"content":{"rendered":"<p>O Grupo Gerador de Energia Toyama TG950TH-220 de corrente alternada foi desenvolvido para o uso ocasional. \u00c9 equipado com motor de pist\u00e3o de igni\u00e7\u00e3o por centelha a Gasolina 2 tempos com 63 cc, monocil\u00edndrico, refrigerado a ar, com partida manual.<\/p>\n<p>Possui alternador s\u00edncrono, monof\u00e1sico de tens\u00e3o \u00fanica em 220V, 2 polos, com 850W de pot\u00eancia m\u00e1xima, excitatriz rotativa sem escovas \u201cBrushless\u201d, dotado de capacitor para regula\u00e7\u00e3o de tens\u00e3o.<\/p>\n<p>Conta com carregador de bateria auxiliar 12 VDC \/ 8 A e volt\u00edmetro anal\u00f3gico. Seu tanque com capacidade para 4.2 litros de combust\u00edvel, proporciona uma autonomia de at\u00e9 3 horas de funcionamento, com al\u00e7a superior para transporte.<\/p>\n<p>Atende as demandas ocasionais, sendo indicado para diversas aplica\u00e7\u00f5es como camping, pescarias, resid\u00eancias ou em quaisquer situa\u00e7\u00f5es que exijam a necessidade do fornecimento de energia el\u00e9trica.<\/p>\n<p>\u00c9 ideal para ligar l\u00e2mpadas, ventiladores, televisores, pequenas ferramentas el\u00e9tricas e entre outros.<\/p>\n","protected":false},"excerpt":{"rendered":"<p>O Grupo Gerador de Energia Toyama TG950TH-220 de corrente alternada foi desenvolvido para o uso ocasional. \u00c9 equipado com motor de pist\u00e3o de igni\u00e7\u00e3o por centelha a Gasolina 2 tempos com 63 cc, monocil\u00edndrico, refrigerado a ar, com partida manual.<\/p>\n","protected":false},"featured_media":329,"comment_status":"open","ping_status":"closed","template":"","meta":[],"product_cat":[50,48],"product_tag":[],"_links":{"self":[{"href":"https:\/\/topvalle.com.br\/index.php\/wp-json\/wp\/v2\/product\/328"}],"collection":[{"href":"https:\/\/topvalle.com.br\/index.php\/wp-json\/wp\/v2\/product"}],"about":[{"href":"https:\/\/topvalle.com.br\/index.php\/wp-json\/wp\/v2\/types\/product"}],"replies":[{"embeddable":true,"href":"https:\/\/topvalle.com.br\/index.php\/wp-json\/wp\/v2\/comments?post=328"}],"wp:featuredmedia":[{"embeddable":true,"href":"https:\/\/topvalle.com.br\/index.php\/wp-json\/wp\/v2\/media\/329"}],"wp:attachment":[{"href":"https:\/\/topvalle.com.br\/index.php\/wp-json\/wp\/v2\/media?parent=328"}],"wp:term":[{"taxonomy":"product_cat","embeddable":true,"href":"https:\/\/topvalle.com.br\/index.php\/wp-json\/wp\/v2\/product_cat?post=328"},{"taxonomy":"product_tag","embeddable":true,"href":"https:\/\/topvalle.com.br\/index.php\/wp-json\/wp\/v2\/product_tag?post=328"}],"curies":[{"name":"wp","href":"https:\/\/api.w.org\/{rel}","templated":true}]}}