{"id":330,"date":"2023-04-02T19:08:40","date_gmt":"2023-04-02T22:08:40","guid":{"rendered":"https:\/\/topvalle.com.br\/?post_type=product&#038;p=330"},"modified":"2023-04-03T12:25:37","modified_gmt":"2023-04-03T15:25:37","slug":"compactador-de-percussao-a-gasolina-ttr80z-xp","status":"publish","type":"product","link":"https:\/\/topvalle.com.br\/index.php\/produto\/compactador-de-percussao-a-gasolina-ttr80z-xp\/","title":{"rendered":"COMPACTADOR DE PERCUSS\u00c3O A GASOLINA \u2013 TTR80Z-XP"},"content":{"rendered":"<p>O Compactador de Percuss\u00e3o Toyama TTR80Z-XP \u00e9 desenvolvido para atender as demandas do mercado de constru\u00e7\u00e3o civil em obras de pequeno, m\u00e9dio e grande porte.<br \/>\nEquipado com motor Toyama TE40ZX de 4.0 HP de pot\u00eancia com filtro de ar de duplo elemento, a pe\u00e7a possui tanque de combust\u00edvel em material anticorrosivo, sapata em poliuretano revestida em a\u00e7o que proporciona maior vida \u00fatil \u00e0 mesma. Seu sistema de absor\u00e7\u00e3o de vibra\u00e7\u00e3o \u00e9 refor\u00e7ado gerando maior conforto ao operador. A Sanfona \u00e9 importada da Alemanha e possui alta resist\u00eancia contra agentes externos.<br \/>\nO TTR80Z-XP \u00e9 indicado para adensar terra, areia, cascalhos e outros tipos de terrenos, visando um melhor substrato para a constru\u00e7\u00e3o de uma obra, como um edif\u00edcio, instala\u00e7\u00f5es hidr\u00e1ulicas, el\u00e9tricas e gasodutos, por exemplo.<\/p>\n","protected":false},"excerpt":{"rendered":"<p>O Compactador de Percuss\u00e3o Toyama TTR80Z-XP \u00e9 desenvolvido para atender as demandas do mercado de constru\u00e7\u00e3o civil em obras de pequeno, m\u00e9dio e grande porte.<\/p>\n","protected":false},"featured_media":331,"comment_status":"open","ping_status":"closed","template":"","meta":[],"product_cat":[51,48],"product_tag":[],"_links":{"self":[{"href":"https:\/\/topvalle.com.br\/index.php\/wp-json\/wp\/v2\/product\/330"}],"collection":[{"href":"https:\/\/topvalle.com.br\/index.php\/wp-json\/wp\/v2\/product"}],"about":[{"href":"https:\/\/topvalle.com.br\/index.php\/wp-json\/wp\/v2\/types\/product"}],"replies":[{"embeddable":true,"href":"https:\/\/topvalle.com.br\/index.php\/wp-json\/wp\/v2\/comments?post=330"}],"wp:featuredmedia":[{"embeddable":true,"href":"https:\/\/topvalle.com.br\/index.php\/wp-json\/wp\/v2\/media\/331"}],"wp:attachment":[{"href":"https:\/\/topvalle.com.br\/index.php\/wp-json\/wp\/v2\/media?parent=330"}],"wp:term":[{"taxonomy":"product_cat","embeddable":true,"href":"https:\/\/topvalle.com.br\/index.php\/wp-json\/wp\/v2\/product_cat?post=330"},{"taxonomy":"product_tag","embeddable":true,"href":"https:\/\/topvalle.com.br\/index.php\/wp-json\/wp\/v2\/product_tag?post=330"}],"curies":[{"name":"wp","href":"https:\/\/api.w.org\/{rel}","templated":true}]}}