{"id":332,"date":"2023-04-02T19:10:05","date_gmt":"2023-04-02T22:10:05","guid":{"rendered":"https:\/\/topvalle.com.br\/?post_type=product&#038;p=332"},"modified":"2023-04-03T12:25:30","modified_gmt":"2023-04-03T15:25:30","slug":"cortador-de-piso-cpm-13","status":"publish","type":"product","link":"https:\/\/topvalle.com.br\/index.php\/produto\/cortador-de-piso-cpm-13\/","title":{"rendered":"Cortador De Piso CPM 13"},"content":{"rendered":"<p>Cortadora de Piso e Concreto Matsuyama \u00e9 ideal na constru\u00e7\u00e3o civil, muito utilizada para cortes precisos. \u00c9 uma \u00f3tima op\u00e7\u00e3o para aplica\u00e7\u00f5es que demandem esse tipo de ferramenta com vistas a realizar obras com o m\u00ednimo dano a superf\u00edcie, facilitando seu fechamento posterior.<\/p>\n","protected":false},"excerpt":{"rendered":"<p>Cortadora de Piso e Concreto Matsuyama \u00e9 ideal na constru\u00e7\u00e3o civil, muito utilizada para cortes precisos.<\/p>\n","protected":false},"featured_media":333,"comment_status":"open","ping_status":"closed","template":"","meta":[],"product_cat":[52,48],"product_tag":[],"_links":{"self":[{"href":"https:\/\/topvalle.com.br\/index.php\/wp-json\/wp\/v2\/product\/332"}],"collection":[{"href":"https:\/\/topvalle.com.br\/index.php\/wp-json\/wp\/v2\/product"}],"about":[{"href":"https:\/\/topvalle.com.br\/index.php\/wp-json\/wp\/v2\/types\/product"}],"replies":[{"embeddable":true,"href":"https:\/\/topvalle.com.br\/index.php\/wp-json\/wp\/v2\/comments?post=332"}],"wp:featuredmedia":[{"embeddable":true,"href":"https:\/\/topvalle.com.br\/index.php\/wp-json\/wp\/v2\/media\/333"}],"wp:attachment":[{"href":"https:\/\/topvalle.com.br\/index.php\/wp-json\/wp\/v2\/media?parent=332"}],"wp:term":[{"taxonomy":"product_cat","embeddable":true,"href":"https:\/\/topvalle.com.br\/index.php\/wp-json\/wp\/v2\/product_cat?post=332"},{"taxonomy":"product_tag","embeddable":true,"href":"https:\/\/topvalle.com.br\/index.php\/wp-json\/wp\/v2\/product_tag?post=332"}],"curies":[{"name":"wp","href":"https:\/\/api.w.org\/{rel}","templated":true}]}}