{"id":337,"date":"2023-04-02T19:12:51","date_gmt":"2023-04-02T22:12:51","guid":{"rendered":"https:\/\/topvalle.com.br\/?post_type=product&#038;p=337"},"modified":"2023-04-03T12:24:36","modified_gmt":"2023-04-03T15:24:36","slug":"alisadora-de-piso-asm65","status":"publish","type":"product","link":"https:\/\/topvalle.com.br\/index.php\/produto\/alisadora-de-piso-asm65\/","title":{"rendered":"Alisadora De Piso ASM6,5"},"content":{"rendered":"<p>Indicada para servi\u00e7os de alisamento em piso de concreto, como: postos de gasolina, galp\u00f5es, etc. Realiza\u00e7\u00e3o de servi\u00e7os de desempeno, acabamento e flota\u00e7\u00e3o, quando o acabamento e qualidade do concreto superficial s\u00e3o fatores fundamentais para a obra em quest\u00e3o<\/p>\n","protected":false},"excerpt":{"rendered":"<p>Indicada para servi\u00e7os de alisamento em piso de concreto, como: postos de gasolina, galp\u00f5es, etc.<\/p>\n","protected":false},"featured_media":338,"comment_status":"open","ping_status":"closed","template":"","meta":[],"product_cat":[53,48],"product_tag":[],"_links":{"self":[{"href":"https:\/\/topvalle.com.br\/index.php\/wp-json\/wp\/v2\/product\/337"}],"collection":[{"href":"https:\/\/topvalle.com.br\/index.php\/wp-json\/wp\/v2\/product"}],"about":[{"href":"https:\/\/topvalle.com.br\/index.php\/wp-json\/wp\/v2\/types\/product"}],"replies":[{"embeddable":true,"href":"https:\/\/topvalle.com.br\/index.php\/wp-json\/wp\/v2\/comments?post=337"}],"wp:featuredmedia":[{"embeddable":true,"href":"https:\/\/topvalle.com.br\/index.php\/wp-json\/wp\/v2\/media\/338"}],"wp:attachment":[{"href":"https:\/\/topvalle.com.br\/index.php\/wp-json\/wp\/v2\/media?parent=337"}],"wp:term":[{"taxonomy":"product_cat","embeddable":true,"href":"https:\/\/topvalle.com.br\/index.php\/wp-json\/wp\/v2\/product_cat?post=337"},{"taxonomy":"product_tag","embeddable":true,"href":"https:\/\/topvalle.com.br\/index.php\/wp-json\/wp\/v2\/product_tag?post=337"}],"curies":[{"name":"wp","href":"https:\/\/api.w.org\/{rel}","templated":true}]}}