{"id":339,"date":"2023-04-02T19:14:11","date_gmt":"2023-04-02T22:14:11","guid":{"rendered":"https:\/\/topvalle.com.br\/?post_type=product&#038;p=339"},"modified":"2023-04-03T12:24:29","modified_gmt":"2023-04-03T15:24:29","slug":"placa-vibratoria-diesel-tdpc170wrct-xp","status":"publish","type":"product","link":"https:\/\/topvalle.com.br\/index.php\/produto\/placa-vibratoria-diesel-tdpc170wrct-xp\/","title":{"rendered":"PLACA VIBRAT\u00d3RIA DIESEL \u2013 TDPC170WRCT-XP"},"content":{"rendered":"<p>Placa Vibrat\u00f3ria Revers\u00edvel Toyama TDPC170WRCT-XP, equipada com motor Toyama de 6.7 HP com filtro de ar de duplo elemento e embreagem centrifuga. Sua for\u00e7a centrifuga \u00e9 de 30.5 KN o que eleva a efici\u00eancia de compacta\u00e7\u00e3o, possui rodas e al\u00e7a de eleva\u00e7\u00e3o para facilitar o transporte. Coxins de absor\u00e7\u00e3o de vibra\u00e7\u00e3o de alta resist\u00eancia elimina poss\u00edvel transmiss\u00e3o de vibra\u00e7\u00e3o ao operador. Seu reservat\u00f3rio de \u00e1gua com capacidade de 12 litros aumenta sua autonomia durante a opera\u00e7\u00e3o do equipamento. Seu sistema de revers\u00e3o \u00e9 manual com cabo e possibilita direcionar o deslocamento para frente ou para tr\u00e1s, dando um maior rendimento final. A TDPC170WRCT-XP \u00e9 indicada para solos granulares n\u00e3o coesivos onde as part\u00edculas requerem uma agita\u00e7\u00e3o ou a\u00e7\u00e3o vibrat\u00f3ria para mov\u00ea-las, como por exemplo: areia, cascalho e asfalto.<\/p>\n","protected":false},"excerpt":{"rendered":"<p>Placa Vibrat\u00f3ria Revers\u00edvel Toyama TDPC170WRCT-XP, equipada com motor Toyama de 6.7 HP com filtro de ar de duplo elemento e embreagem centrifuga.<\/p>\n","protected":false},"featured_media":340,"comment_status":"open","ping_status":"closed","template":"","meta":[],"product_cat":[48,54],"product_tag":[],"_links":{"self":[{"href":"https:\/\/topvalle.com.br\/index.php\/wp-json\/wp\/v2\/product\/339"}],"collection":[{"href":"https:\/\/topvalle.com.br\/index.php\/wp-json\/wp\/v2\/product"}],"about":[{"href":"https:\/\/topvalle.com.br\/index.php\/wp-json\/wp\/v2\/types\/product"}],"replies":[{"embeddable":true,"href":"https:\/\/topvalle.com.br\/index.php\/wp-json\/wp\/v2\/comments?post=339"}],"wp:featuredmedia":[{"embeddable":true,"href":"https:\/\/topvalle.com.br\/index.php\/wp-json\/wp\/v2\/media\/340"}],"wp:attachment":[{"href":"https:\/\/topvalle.com.br\/index.php\/wp-json\/wp\/v2\/media?parent=339"}],"wp:term":[{"taxonomy":"product_cat","embeddable":true,"href":"https:\/\/topvalle.com.br\/index.php\/wp-json\/wp\/v2\/product_cat?post=339"},{"taxonomy":"product_tag","embeddable":true,"href":"https:\/\/topvalle.com.br\/index.php\/wp-json\/wp\/v2\/product_tag?post=339"}],"curies":[{"name":"wp","href":"https:\/\/api.w.org\/{rel}","templated":true}]}}