{"id":341,"date":"2023-04-02T19:15:22","date_gmt":"2023-04-02T22:15:22","guid":{"rendered":"https:\/\/topvalle.com.br\/?post_type=product&#038;p=341"},"modified":"2023-04-03T12:24:21","modified_gmt":"2023-04-03T15:24:21","slug":"perfurador-de-solo-tekna-ea61xs","status":"publish","type":"product","link":"https:\/\/topvalle.com.br\/index.php\/produto\/perfurador-de-solo-tekna-ea61xs\/","title":{"rendered":"Perfurador de Solo Tekna \u2013 EA61XS"},"content":{"rendered":"<p>O Perfurador de Solo EA61XS250-2 possui motor 2 tempos a gasolina, de 51,7 CC e 2,5 HP. Com \u00f3timo rendimento e pot\u00eancia na medida certa para perfurar solos mais r\u00edgidos, \u00e9 adequado para que 2 operadores possam executar o servi\u00e7o.<\/p>\n<p>\u2022 Robusto e Compacto<br \/>\n\u2022 Baixa Vibra\u00e7\u00e3o<br \/>\n\u2022 Com Broca<br \/>\n\u2022 Para 2 Operadores<\/p>\n","protected":false},"excerpt":{"rendered":"<p>O Perfurador de Solo EA61XS250-2 possui motor 2 tempos a gasolina, de 51,7 CC e 2,5 HP. Com \u00f3timo rendimento e pot\u00eancia na medida certa para perfurar solos mais r\u00edgidos, \u00e9 adequado para que 2 operadores possam executar o servi\u00e7o.<\/p>\n","protected":false},"featured_media":342,"comment_status":"open","ping_status":"closed","template":"","meta":[],"product_cat":[48,55],"product_tag":[],"_links":{"self":[{"href":"https:\/\/topvalle.com.br\/index.php\/wp-json\/wp\/v2\/product\/341"}],"collection":[{"href":"https:\/\/topvalle.com.br\/index.php\/wp-json\/wp\/v2\/product"}],"about":[{"href":"https:\/\/topvalle.com.br\/index.php\/wp-json\/wp\/v2\/types\/product"}],"replies":[{"embeddable":true,"href":"https:\/\/topvalle.com.br\/index.php\/wp-json\/wp\/v2\/comments?post=341"}],"wp:featuredmedia":[{"embeddable":true,"href":"https:\/\/topvalle.com.br\/index.php\/wp-json\/wp\/v2\/media\/342"}],"wp:attachment":[{"href":"https:\/\/topvalle.com.br\/index.php\/wp-json\/wp\/v2\/media?parent=341"}],"wp:term":[{"taxonomy":"product_cat","embeddable":true,"href":"https:\/\/topvalle.com.br\/index.php\/wp-json\/wp\/v2\/product_cat?post=341"},{"taxonomy":"product_tag","embeddable":true,"href":"https:\/\/topvalle.com.br\/index.php\/wp-json\/wp\/v2\/product_tag?post=341"}],"curies":[{"name":"wp","href":"https:\/\/api.w.org\/{rel}","templated":true}]}}