{"id":347,"date":"2023-04-02T19:19:42","date_gmt":"2023-04-02T22:19:42","guid":{"rendered":"https:\/\/topvalle.com.br\/?post_type=product&#038;p=347"},"modified":"2023-04-03T12:23:40","modified_gmt":"2023-04-03T15:23:40","slug":"motor-gasolina-tu43pfd","status":"publish","type":"product","link":"https:\/\/topvalle.com.br\/index.php\/produto\/motor-gasolina-tu43pfd\/","title":{"rendered":"MOTOR GASOLINA \u2013 TU43PFD"},"content":{"rendered":"<p>O Motor Gasolina Refrigerado a Ar Mitsubishi TU43PFD foi projetado para uso profissional. Possui 1,7 HP de pot\u00eancia m\u00e1xima a 10000 RPM.<br \/>\nEste motor 2 tempos \u00e9 forte, suave e silencioso. Apresenta um design leve, baixo ru\u00eddo e economia de combust\u00edvel aprimorada, o torna extremamente flex\u00edvel.<br \/>\nAtende as demandas profissionais podendo ser acoplado em: ro\u00e7adeiras, derri\u00e7adeiras, aparadores de grama e entre outras situa\u00e7\u00f5es onde se fizer necess\u00e1rio.<\/p>\n","protected":false},"excerpt":{"rendered":"<p>O Motor Gasolina Refrigerado a Ar Mitsubishi TU43PFD foi projetado para uso profissional. Possui 1,7 HP de pot\u00eancia m\u00e1xima a 10000 RPM.<\/p>\n","protected":false},"featured_media":348,"comment_status":"open","ping_status":"closed","template":"","meta":[],"product_cat":[57,56],"product_tag":[],"_links":{"self":[{"href":"https:\/\/topvalle.com.br\/index.php\/wp-json\/wp\/v2\/product\/347"}],"collection":[{"href":"https:\/\/topvalle.com.br\/index.php\/wp-json\/wp\/v2\/product"}],"about":[{"href":"https:\/\/topvalle.com.br\/index.php\/wp-json\/wp\/v2\/types\/product"}],"replies":[{"embeddable":true,"href":"https:\/\/topvalle.com.br\/index.php\/wp-json\/wp\/v2\/comments?post=347"}],"wp:featuredmedia":[{"embeddable":true,"href":"https:\/\/topvalle.com.br\/index.php\/wp-json\/wp\/v2\/media\/348"}],"wp:attachment":[{"href":"https:\/\/topvalle.com.br\/index.php\/wp-json\/wp\/v2\/media?parent=347"}],"wp:term":[{"taxonomy":"product_cat","embeddable":true,"href":"https:\/\/topvalle.com.br\/index.php\/wp-json\/wp\/v2\/product_cat?post=347"},{"taxonomy":"product_tag","embeddable":true,"href":"https:\/\/topvalle.com.br\/index.php\/wp-json\/wp\/v2\/product_tag?post=347"}],"curies":[{"name":"wp","href":"https:\/\/api.w.org\/{rel}","templated":true}]}}