{"id":349,"date":"2023-04-02T19:21:23","date_gmt":"2023-04-02T22:21:23","guid":{"rendered":"https:\/\/topvalle.com.br\/?post_type=product&#038;p=349"},"modified":"2023-04-03T12:23:33","modified_gmt":"2023-04-03T15:23:33","slug":"motor-bfg-5-5-gasolina","status":"publish","type":"product","link":"https:\/\/topvalle.com.br\/index.php\/produto\/motor-bfg-5-5-gasolina\/","title":{"rendered":"MOTOR BFG 5.5 GASOLINA"},"content":{"rendered":"<p>Tipo:Gasolina 4T &#8211; Refrigerado a Ar<br \/>\nPot\u00eancia M\u00e1xima (Cv)(KW\/Rpm):5,5 (4,1\/3600)<br \/>\nPot\u00eancia Reg. Cont\u00ednuo (Cv)(KW\/Rpm):5,0 (3,7\/3600)<br \/>\nTorque M\u00e1ximo (Kgf.m\/Rpm):1,10\/2500<br \/>\nCilindrada (cm\u00b3):163<br \/>\nDiametro X Curso do Pist\u00e3o (mm):68 X 45<br \/>\nEixo &#8211; Di\u00e2m. X Comp. (pol\/mm) :\u00d83\/4&#8243;(19,05) X 61,5<br \/>\nTaxa de Compress\u00e3o :8,5:1<br \/>\n\u00d3leo Lubrificante (L\/tipo):0,6 \/ SAE 20W50<br \/>\nCombust\u00edvel (L\/tipo):3,6 \/ Gasolina Comum<br \/>\nConsumo M\u00e9dio (L\/h):1,5<br \/>\nSistema de Alimenta\u00e7\u00e3o (Tipo):Carburador (B\u00f3ia)<br \/>\nSistema de Igni\u00e7\u00e3o (Tipo):Eletr\u00f4nica (CDI)<br \/>\nSistema de Partida (Tipo):Manual<br \/>\nSistema de Lubrifica\u00e7\u00e3o (Tipo):Salpico<br \/>\nFiltro de Ar (Tipo):Elemento de Papel<br \/>\nDimens\u00f5es CxLxA (mm):410 X 360 X 370<br \/>\nPeso Bruto (Kg):16,0<br \/>\nPeso L\u00edquido (Kg):15,0<\/p>\n","protected":false},"excerpt":{"rendered":"<p>Tipo:Gasolina 4T &#8211; Refrigerado a Ar<br \/>\nPot\u00eancia M\u00e1xima (Cv)(KW\/Rpm):5,5 (4,1\/3600)<br \/>\nPot\u00eancia Reg. Cont\u00ednuo (Cv)(KW\/Rpm):5,0 (3,7\/3600)<\/p>\n","protected":false},"featured_media":350,"comment_status":"open","ping_status":"closed","template":"","meta":[],"product_cat":[58,56],"product_tag":[],"_links":{"self":[{"href":"https:\/\/topvalle.com.br\/index.php\/wp-json\/wp\/v2\/product\/349"}],"collection":[{"href":"https:\/\/topvalle.com.br\/index.php\/wp-json\/wp\/v2\/product"}],"about":[{"href":"https:\/\/topvalle.com.br\/index.php\/wp-json\/wp\/v2\/types\/product"}],"replies":[{"embeddable":true,"href":"https:\/\/topvalle.com.br\/index.php\/wp-json\/wp\/v2\/comments?post=349"}],"wp:featuredmedia":[{"embeddable":true,"href":"https:\/\/topvalle.com.br\/index.php\/wp-json\/wp\/v2\/media\/350"}],"wp:attachment":[{"href":"https:\/\/topvalle.com.br\/index.php\/wp-json\/wp\/v2\/media?parent=349"}],"wp:term":[{"taxonomy":"product_cat","embeddable":true,"href":"https:\/\/topvalle.com.br\/index.php\/wp-json\/wp\/v2\/product_cat?post=349"},{"taxonomy":"product_tag","embeddable":true,"href":"https:\/\/topvalle.com.br\/index.php\/wp-json\/wp\/v2\/product_tag?post=349"}],"curies":[{"name":"wp","href":"https:\/\/api.w.org\/{rel}","templated":true}]}}