{"id":351,"date":"2023-04-02T19:22:49","date_gmt":"2023-04-02T22:22:49","guid":{"rendered":"https:\/\/topvalle.com.br\/?post_type=product&#038;p=351"},"modified":"2023-04-03T12:23:07","modified_gmt":"2023-04-03T15:23:07","slug":"b4t-13-0","status":"publish","type":"product","link":"https:\/\/topvalle.com.br\/index.php\/produto\/b4t-13-0\/","title":{"rendered":"B4T-13.0"},"content":{"rendered":"<p>Conhe\u00e7a o motor a gasolina B4T-13.0 da Branco, o equipamento conta com pot\u00eancia m\u00e1xima de 13,0 cv e um torque de 2,7kgfm a 2500 rpm. Essa vers\u00e3o conta com alerta de \u00f3leo, um sistema de prote\u00e7\u00e3o que desliga o motor automaticamente quando o \u00f3leo fica no n\u00edvel m\u00ednimo para n\u00e3o danificar o equipamento. O B4T-13.0 \u00e9 indicado para rabet\u00e3o em barcos, kart indoor, montagem de grupo geradores, entre outros. Vers\u00f5es com partida manual e el\u00e9trica<\/p>\n","protected":false},"excerpt":{"rendered":"<p>Conhe\u00e7a o motor a gasolina B4T-13.0 da Branco, o equipamento conta com pot\u00eancia m\u00e1xima de 13,0 cv e um torque de 2,7kgfm a 2500 rpm. Essa vers\u00e3o conta com alerta de \u00f3leo, um sistema de prote\u00e7\u00e3o que desliga o motor automaticamente quando o \u00f3leo fica no n\u00edvel m\u00ednimo para n\u00e3o danificar o equipamento.<\/p>\n","protected":false},"featured_media":352,"comment_status":"open","ping_status":"closed","template":"","meta":[],"product_cat":[58,56],"product_tag":[],"_links":{"self":[{"href":"https:\/\/topvalle.com.br\/index.php\/wp-json\/wp\/v2\/product\/351"}],"collection":[{"href":"https:\/\/topvalle.com.br\/index.php\/wp-json\/wp\/v2\/product"}],"about":[{"href":"https:\/\/topvalle.com.br\/index.php\/wp-json\/wp\/v2\/types\/product"}],"replies":[{"embeddable":true,"href":"https:\/\/topvalle.com.br\/index.php\/wp-json\/wp\/v2\/comments?post=351"}],"wp:featuredmedia":[{"embeddable":true,"href":"https:\/\/topvalle.com.br\/index.php\/wp-json\/wp\/v2\/media\/352"}],"wp:attachment":[{"href":"https:\/\/topvalle.com.br\/index.php\/wp-json\/wp\/v2\/media?parent=351"}],"wp:term":[{"taxonomy":"product_cat","embeddable":true,"href":"https:\/\/topvalle.com.br\/index.php\/wp-json\/wp\/v2\/product_cat?post=351"},{"taxonomy":"product_tag","embeddable":true,"href":"https:\/\/topvalle.com.br\/index.php\/wp-json\/wp\/v2\/product_tag?post=351"}],"curies":[{"name":"wp","href":"https:\/\/api.w.org\/{rel}","templated":true}]}}