{"id":353,"date":"2023-04-02T19:24:12","date_gmt":"2023-04-02T22:24:12","guid":{"rendered":"https:\/\/topvalle.com.br\/?post_type=product&#038;p=353"},"modified":"2023-04-03T12:22:58","modified_gmt":"2023-04-03T15:22:58","slug":"motor-a-gasolina-te65x","status":"publish","type":"product","link":"https:\/\/topvalle.com.br\/index.php\/produto\/motor-a-gasolina-te65x\/","title":{"rendered":"MOTOR A GASOLINA \u2013 TE65X"},"content":{"rendered":"<p>O motor a gasolina TE65X possui 6.5HP de pot\u00eancia m\u00e1xima. \u00c9 equipado com eixo virabrequim chavetado (multiuso) e partida manual. Conta com sistema de alerta de n\u00edvel de \u00f3leo que impede o funcionamento do motor sob baixo n\u00edvel de \u00f3leo.<br \/>\n\u00c9 do tipo monocil\u00edndrico, horizontal, possui um design compacto que se encaixa perfeitamente em espa\u00e7os reduzidos.<br \/>\nPossui sistema autom\u00e1tico de controle de velocidade sem carga na faixa de 3600RPM a 3700RPM.<br \/>\nEquipado com tampa frontal refor\u00e7ada.<br \/>\nIndicado para uso em equipamentos de jardinagem, agr\u00edcola ou pecu\u00e1ria de pequeno porte e outras aplica\u00e7\u00f5es onde houver necessidade de for\u00e7a.<\/p>\n","protected":false},"excerpt":{"rendered":"<p>O motor a gasolina TE65X possui 6.5HP de pot\u00eancia m\u00e1xima. \u00c9 equipado com eixo virabrequim chavetado (multiuso) e partida manual. Conta com sistema de alerta de n\u00edvel de \u00f3leo que impede o funcionamento do motor sob baixo n\u00edvel de \u00f3leo.<\/p>\n","protected":false},"featured_media":354,"comment_status":"open","ping_status":"closed","template":"","meta":[],"product_cat":[58,56],"product_tag":[],"_links":{"self":[{"href":"https:\/\/topvalle.com.br\/index.php\/wp-json\/wp\/v2\/product\/353"}],"collection":[{"href":"https:\/\/topvalle.com.br\/index.php\/wp-json\/wp\/v2\/product"}],"about":[{"href":"https:\/\/topvalle.com.br\/index.php\/wp-json\/wp\/v2\/types\/product"}],"replies":[{"embeddable":true,"href":"https:\/\/topvalle.com.br\/index.php\/wp-json\/wp\/v2\/comments?post=353"}],"wp:featuredmedia":[{"embeddable":true,"href":"https:\/\/topvalle.com.br\/index.php\/wp-json\/wp\/v2\/media\/354"}],"wp:attachment":[{"href":"https:\/\/topvalle.com.br\/index.php\/wp-json\/wp\/v2\/media?parent=353"}],"wp:term":[{"taxonomy":"product_cat","embeddable":true,"href":"https:\/\/topvalle.com.br\/index.php\/wp-json\/wp\/v2\/product_cat?post=353"},{"taxonomy":"product_tag","embeddable":true,"href":"https:\/\/topvalle.com.br\/index.php\/wp-json\/wp\/v2\/product_tag?post=353"}],"curies":[{"name":"wp","href":"https:\/\/api.w.org\/{rel}","templated":true}]}}