{"id":355,"date":"2023-04-02T19:26:08","date_gmt":"2023-04-02T22:26:08","guid":{"rendered":"https:\/\/topvalle.com.br\/?post_type=product&#038;p=355"},"modified":"2023-04-03T12:22:51","modified_gmt":"2023-04-03T15:22:51","slug":"motor-bfd-7-0-diesel","status":"publish","type":"product","link":"https:\/\/topvalle.com.br\/index.php\/produto\/motor-bfd-7-0-diesel\/","title":{"rendered":"MOTOR BFD 7.0 DIESEL"},"content":{"rendered":"<p>Tipo:Diesel 4T &#8211; Refrigerado a Ar<br \/>\nPot\u00eancia M\u00e1xima (Cv)(KW\/Rpm):7,0 (5,2\/3600)<br \/>\nPot\u00eancia Reg. Cont\u00ednuo (Cv)(KW\/Rpm):5,5 (4,1\/3600)<br \/>\nTorque M\u00e1ximo (Kgf.m\/Rpm):1,5\/2500<br \/>\nCilindrada (cm\u00b3):306<br \/>\nDiametro X Curso do Pist\u00e3o (mm):\u00d81&#8243;(25,40) X 88,5<br \/>\nTaxa de Compress\u00e3o :20,0:1<br \/>\n\u00d3leo Lubrificante (L\/tipo):1,1 \/ SAE 15W40<br \/>\nCombust\u00edvel (L\/Tipo):3,5 \/ Diesel S500<br \/>\nConsumo M\u00e9dio (L\/h):1,8<br \/>\nSistema de Alimenta\u00e7\u00e3o (Tipo):Inje\u00e7\u00e3o Mec\u00e2nica<br \/>\nSistema de Igni\u00e7\u00e3o (Tipo):Compress\u00e3o<br \/>\nSistema de Partida (Tipo):Manual<br \/>\nSistema de Lubrifica\u00e7\u00e3o (Tipo):For\u00e7ado por Bomba<br \/>\nFiltro de Ar (Tipo):Elemento de Papel<br \/>\nDimens\u00f5es CxLxA (mm):470 X 460 X 520<br \/>\nPeso Bruto (Kg):34,0<br \/>\nPeso L\u00edquido (Kg):31,0<\/p>\n","protected":false},"excerpt":{"rendered":"<p>Tipo:Diesel 4T &#8211; Refrigerado a Ar<br \/>\nPot\u00eancia M\u00e1xima (Cv)(KW\/Rpm):7,0 (5,2\/3600)<br \/>\nPot\u00eancia Reg. Cont\u00ednuo (Cv)(KW\/Rpm):5,5 (4,1\/3600)<br \/>\nTorque M\u00e1ximo (Kgf.m\/Rpm):1,5\/2500<\/p>\n","protected":false},"featured_media":356,"comment_status":"open","ping_status":"closed","template":"","meta":[],"product_cat":[59,56],"product_tag":[],"_links":{"self":[{"href":"https:\/\/topvalle.com.br\/index.php\/wp-json\/wp\/v2\/product\/355"}],"collection":[{"href":"https:\/\/topvalle.com.br\/index.php\/wp-json\/wp\/v2\/product"}],"about":[{"href":"https:\/\/topvalle.com.br\/index.php\/wp-json\/wp\/v2\/types\/product"}],"replies":[{"embeddable":true,"href":"https:\/\/topvalle.com.br\/index.php\/wp-json\/wp\/v2\/comments?post=355"}],"wp:featuredmedia":[{"embeddable":true,"href":"https:\/\/topvalle.com.br\/index.php\/wp-json\/wp\/v2\/media\/356"}],"wp:attachment":[{"href":"https:\/\/topvalle.com.br\/index.php\/wp-json\/wp\/v2\/media?parent=355"}],"wp:term":[{"taxonomy":"product_cat","embeddable":true,"href":"https:\/\/topvalle.com.br\/index.php\/wp-json\/wp\/v2\/product_cat?post=355"},{"taxonomy":"product_tag","embeddable":true,"href":"https:\/\/topvalle.com.br\/index.php\/wp-json\/wp\/v2\/product_tag?post=355"}],"curies":[{"name":"wp","href":"https:\/\/api.w.org\/{rel}","templated":true}]}}