{"id":357,"date":"2023-04-02T19:27:37","date_gmt":"2023-04-02T22:27:37","guid":{"rendered":"https:\/\/topvalle.com.br\/?post_type=product&#038;p=357"},"modified":"2023-04-03T12:22:42","modified_gmt":"2023-04-03T15:22:42","slug":"motor-bfde-18-0-radiador","status":"publish","type":"product","link":"https:\/\/topvalle.com.br\/index.php\/produto\/motor-bfde-18-0-radiador\/","title":{"rendered":"MOTOR BFDE 18.0 RADIADOR"},"content":{"rendered":"<p>Tipo:Diesel 4T &#8211; Refrigerado a \u00c1gua<br \/>\nPot\u00eancia M\u00e1xima (Cv)(KW\/Rpm):17,4 (12,9\/2200)<br \/>\nPot\u00eancia Reg. Cont\u00ednuo (Cv)(KW\/Rpm):15,8 (11,7\/2200)<br \/>\nTorque M\u00e1ximo (Kgf.m\/Rpm):6,7\/1800<br \/>\nCilindrada (cm\u00b3):996<br \/>\nDiametro X Curso do Pist\u00e3o (mm):105 X 115<br \/>\nPolia (Tipo\/mm):4 Canais, Tipo B \/ \u00d8136<br \/>\nTaxa de Compress\u00e3o :17,0:1<br \/>\n\u00d3leo Lubrificante (L\/tipo):3,0 \/ SAE 15W40<br \/>\nCombust\u00edvel (L\/Tipo):9,0 \/ Diesel S500<br \/>\nConsumo M\u00e9dio (L\/h):3,5<br \/>\nSistema de Alimenta\u00e7\u00e3o (Tipo):Inje\u00e7\u00e3o Mec\u00e2nica<br \/>\nSistema de Igni\u00e7\u00e3o (Tipo):El\u00e9trica e Manual<br \/>\nSistema de Lubrifica\u00e7\u00e3o (Tipo):For\u00e7ado por Bomba<br \/>\nFiltro de Ar (Tipo): A \u00d3leo<br \/>\nDimens\u00f5es CxLxA (mm):930 X 440 X 810<br \/>\nPeso Bruto (Kg):180,0<br \/>\nPeso L\u00edquido (Kg):160,0<\/p>\n","protected":false},"excerpt":{"rendered":"<p>Tipo:Diesel 4T &#8211; Refrigerado a \u00c1gua<br \/>\nPot\u00eancia M\u00e1xima (Cv)(KW\/Rpm):17,4 (12,9\/2200)<br \/>\nPot\u00eancia Reg. Cont\u00ednuo (Cv)(KW\/Rpm):15,8 (11,7\/2200)<br \/>\nTorque M\u00e1ximo (Kgf.m\/Rpm):6,7\/1800<\/p>\n","protected":false},"featured_media":358,"comment_status":"open","ping_status":"closed","template":"","meta":[],"product_cat":[59,56],"product_tag":[],"_links":{"self":[{"href":"https:\/\/topvalle.com.br\/index.php\/wp-json\/wp\/v2\/product\/357"}],"collection":[{"href":"https:\/\/topvalle.com.br\/index.php\/wp-json\/wp\/v2\/product"}],"about":[{"href":"https:\/\/topvalle.com.br\/index.php\/wp-json\/wp\/v2\/types\/product"}],"replies":[{"embeddable":true,"href":"https:\/\/topvalle.com.br\/index.php\/wp-json\/wp\/v2\/comments?post=357"}],"wp:featuredmedia":[{"embeddable":true,"href":"https:\/\/topvalle.com.br\/index.php\/wp-json\/wp\/v2\/media\/358"}],"wp:attachment":[{"href":"https:\/\/topvalle.com.br\/index.php\/wp-json\/wp\/v2\/media?parent=357"}],"wp:term":[{"taxonomy":"product_cat","embeddable":true,"href":"https:\/\/topvalle.com.br\/index.php\/wp-json\/wp\/v2\/product_cat?post=357"},{"taxonomy":"product_tag","embeddable":true,"href":"https:\/\/topvalle.com.br\/index.php\/wp-json\/wp\/v2\/product_tag?post=357"}],"curies":[{"name":"wp","href":"https:\/\/api.w.org\/{rel}","templated":true}]}}