{"id":359,"date":"2023-04-02T19:28:56","date_gmt":"2023-04-02T22:28:56","guid":{"rendered":"https:\/\/topvalle.com.br\/?post_type=product&#038;p=359"},"modified":"2023-04-03T12:22:33","modified_gmt":"2023-04-03T15:22:33","slug":"motor-diesel-tdwe8-xp","status":"publish","type":"product","link":"https:\/\/topvalle.com.br\/index.php\/produto\/motor-diesel-tdwe8-xp\/","title":{"rendered":"MOTOR DIESEL \u2013 TDWE8-XP"},"content":{"rendered":"<p>O Motor Diesel Refrigerado a \u00c1gua TDWE8-XP foi projetado para uso profissional. Possui 7.7 HP de pot\u00eancia m\u00e1xima a 2.400 RPM. \u00c9 equipado com sif\u00e3o e partida manual. Seu sistema de inje\u00e7\u00e3o direta garante excelente efici\u00eancia e baixo consumo de combust\u00edvel.<br \/>\nAtende as demandas profissionais podendo ser acoplado em: pequenos tratores, transportadores agr\u00edcolas, bombas d\u2019\u00e1gua, grupos geradores, compressores de ar, embarca\u00e7\u00f5es, pequenas m\u00e1quinas de processamento de produtos agr\u00edcolas (como debulhadores, pulverizadores, moinhos de ra\u00e7\u00e3o).<\/p>\n","protected":false},"excerpt":{"rendered":"<p>O Motor Diesel Refrigerado a \u00c1gua TDWE8-XP foi projetado para uso profissional. Possui 7.7 HP de pot\u00eancia m\u00e1xima a 2.400 RPM. \u00c9 equipado com sif\u00e3o e partida manual.<\/p>\n","protected":false},"featured_media":360,"comment_status":"open","ping_status":"closed","template":"","meta":[],"product_cat":[59,56],"product_tag":[],"_links":{"self":[{"href":"https:\/\/topvalle.com.br\/index.php\/wp-json\/wp\/v2\/product\/359"}],"collection":[{"href":"https:\/\/topvalle.com.br\/index.php\/wp-json\/wp\/v2\/product"}],"about":[{"href":"https:\/\/topvalle.com.br\/index.php\/wp-json\/wp\/v2\/types\/product"}],"replies":[{"embeddable":true,"href":"https:\/\/topvalle.com.br\/index.php\/wp-json\/wp\/v2\/comments?post=359"}],"wp:featuredmedia":[{"embeddable":true,"href":"https:\/\/topvalle.com.br\/index.php\/wp-json\/wp\/v2\/media\/360"}],"wp:attachment":[{"href":"https:\/\/topvalle.com.br\/index.php\/wp-json\/wp\/v2\/media?parent=359"}],"wp:term":[{"taxonomy":"product_cat","embeddable":true,"href":"https:\/\/topvalle.com.br\/index.php\/wp-json\/wp\/v2\/product_cat?post=359"},{"taxonomy":"product_tag","embeddable":true,"href":"https:\/\/topvalle.com.br\/index.php\/wp-json\/wp\/v2\/product_tag?post=359"}],"curies":[{"name":"wp","href":"https:\/\/api.w.org\/{rel}","templated":true}]}}