{"id":363,"date":"2023-04-02T19:31:42","date_gmt":"2023-04-02T22:31:42","guid":{"rendered":"https:\/\/topvalle.com.br\/?post_type=product&#038;p=363"},"modified":"2023-04-03T12:21:44","modified_gmt":"2023-04-03T15:21:44","slug":"motor-gasolina-te200ve-xp","status":"publish","type":"product","link":"https:\/\/topvalle.com.br\/index.php\/produto\/motor-gasolina-te200ve-xp\/","title":{"rendered":"MOTOR GASOLINA \u2013 TE200VE-XP"},"content":{"rendered":"<p>O Motor Gasolina Refrigerado a Ar TE200VE-XP, foi projetado para uso profissional. Possui 20 HP de pot\u00eancia m\u00e1xima a 3.600 RPM.<br \/>\n\u00c9 equipado com eixo virabrequim chavetado (multiuso) de 1\u2033 x 3.129\u201d, partida el\u00e9trica e filtro de ar com duplo elemento.<br \/>\n\u00c9 do tipo monocil\u00edndrico, vertical, possui um design leve e compacto. Oferece excelente confiabilidade, alto desempenho e durabilidade.<br \/>\nAtende as demandas profissionais podendo ser acoplado em: cortadores de grama ou situa\u00e7\u00f5es que se faz necess\u00e1rio motores de eixo vertical.<\/p>\n","protected":false},"excerpt":{"rendered":"<p>O Motor Gasolina Refrigerado a Ar TE200VE-XP, foi projetado para uso profissional. Possui 20 HP de pot\u00eancia m\u00e1xima a 3.600 RPM.<br \/>\n\u00c9 equipado com eixo virabrequim chavetado (multiuso) de 1\u2033 x 3.129\u201d, partida el\u00e9trica e filtro de ar com duplo elemento.<\/p>\n","protected":false},"featured_media":364,"comment_status":"open","ping_status":"closed","template":"","meta":[],"product_cat":[60,56],"product_tag":[],"_links":{"self":[{"href":"https:\/\/topvalle.com.br\/index.php\/wp-json\/wp\/v2\/product\/363"}],"collection":[{"href":"https:\/\/topvalle.com.br\/index.php\/wp-json\/wp\/v2\/product"}],"about":[{"href":"https:\/\/topvalle.com.br\/index.php\/wp-json\/wp\/v2\/types\/product"}],"replies":[{"embeddable":true,"href":"https:\/\/topvalle.com.br\/index.php\/wp-json\/wp\/v2\/comments?post=363"}],"wp:featuredmedia":[{"embeddable":true,"href":"https:\/\/topvalle.com.br\/index.php\/wp-json\/wp\/v2\/media\/364"}],"wp:attachment":[{"href":"https:\/\/topvalle.com.br\/index.php\/wp-json\/wp\/v2\/media?parent=363"}],"wp:term":[{"taxonomy":"product_cat","embeddable":true,"href":"https:\/\/topvalle.com.br\/index.php\/wp-json\/wp\/v2\/product_cat?post=363"},{"taxonomy":"product_tag","embeddable":true,"href":"https:\/\/topvalle.com.br\/index.php\/wp-json\/wp\/v2\/product_tag?post=363"}],"curies":[{"name":"wp","href":"https:\/\/api.w.org\/{rel}","templated":true}]}}