{"id":365,"date":"2023-04-02T19:33:16","date_gmt":"2023-04-02T22:33:16","guid":{"rendered":"https:\/\/topvalle.com.br\/?post_type=product&#038;p=365"},"modified":"2023-04-03T12:21:34","modified_gmt":"2023-04-03T15:21:34","slug":"motobomba-centrifuga-a-combustao-mgc-700","status":"publish","type":"product","link":"https:\/\/topvalle.com.br\/index.php\/produto\/motobomba-centrifuga-a-combustao-mgc-700\/","title":{"rendered":"MOTOBOMBA CENTR\u00cdFUGA \u00c0 COMBUST\u00c3O &#8211; MGC-700"},"content":{"rendered":"<p>Ideal para a capta\u00e7\u00e3o e transfer\u00eancia de \u00e1gua isenta de s\u00f3lidos, a MGC-700 possui<\/p>\n<p>&nbsp;<\/p>\n<p>\u2022 Motor gasolina 7 hp 4 tempos com sensor de n\u00edvel de \u00f3leo;<br \/>\n\u2022 Rotor e bomba em ferro fundido;<br \/>\n\u2022 Rotor centrifugo fechado;<br \/>\n\u2022 Ideal para transfer\u00eancia de \u00e1gua limpa;<br \/>\n\u2022 Conjunto motobomba com gabinete, compacta e de f\u00e1cil transporte.<\/p>\n","protected":false},"excerpt":{"rendered":"<p>\u2022 Motor gasolina 7 hp 4 tempos com sensor de n\u00edvel de \u00f3leo;<br \/>\n\u2022 Rotor e bomba em ferro fundido;<br \/>\n\u2022 Rotor centrifugo fechado;<br \/>\n\u2022 Ideal para transfer\u00eancia de \u00e1gua limpa;<br \/>\n\u2022 Conjunto motobomba com gabinete, compacta e de f\u00e1cil transporte.<\/p>\n","protected":false},"featured_media":366,"comment_status":"open","ping_status":"closed","template":"","meta":[],"product_cat":[61,56],"product_tag":[],"_links":{"self":[{"href":"https:\/\/topvalle.com.br\/index.php\/wp-json\/wp\/v2\/product\/365"}],"collection":[{"href":"https:\/\/topvalle.com.br\/index.php\/wp-json\/wp\/v2\/product"}],"about":[{"href":"https:\/\/topvalle.com.br\/index.php\/wp-json\/wp\/v2\/types\/product"}],"replies":[{"embeddable":true,"href":"https:\/\/topvalle.com.br\/index.php\/wp-json\/wp\/v2\/comments?post=365"}],"wp:featuredmedia":[{"embeddable":true,"href":"https:\/\/topvalle.com.br\/index.php\/wp-json\/wp\/v2\/media\/366"}],"wp:attachment":[{"href":"https:\/\/topvalle.com.br\/index.php\/wp-json\/wp\/v2\/media?parent=365"}],"wp:term":[{"taxonomy":"product_cat","embeddable":true,"href":"https:\/\/topvalle.com.br\/index.php\/wp-json\/wp\/v2\/product_cat?post=365"},{"taxonomy":"product_tag","embeddable":true,"href":"https:\/\/topvalle.com.br\/index.php\/wp-json\/wp\/v2\/product_tag?post=365"}],"curies":[{"name":"wp","href":"https:\/\/api.w.org\/{rel}","templated":true}]}}