{"id":759,"date":"2023-04-11T21:05:58","date_gmt":"2023-04-12T00:05:58","guid":{"rendered":"https:\/\/topvalle.com.br\/?post_type=product&#038;p=759"},"modified":"2023-04-11T21:05:59","modified_gmt":"2023-04-12T00:05:59","slug":"motobomba-gasolina-twp50ca","status":"publish","type":"product","link":"https:\/\/topvalle.com.br\/index.php\/produto\/motobomba-gasolina-twp50ca\/","title":{"rendered":"MOTOBOMBA GASOLINA \u2013 TWP50CA"},"content":{"rendered":"<p>A Motobomba Centr\u00edfuga Toyama TWP50CA, foi desenvolvida para o uso frequente. \u00c9 equipada com motor gasolina 6.5 HP de pot\u00eancia m\u00e1xima, com partida manual.<br \/>\nFabricada com materiais de alta resist\u00eancia e durabilidade, possui corpo em alum\u00ednio com di\u00e2metro de suc\u00e7\u00e3o de 2\u2033 e di\u00e2metro de recalque de 2\u2033. O rotor e voluta tamb\u00e9m s\u00e3o confeccionados em alum\u00ednio. Conta com quadro tubular que protege o conjunto e facilita o transporte.<br \/>\nEsse tipo de bomba tem como caracter\u00edstica realizar a transfer\u00eancia com m\u00e9dia vaz\u00e3o e alta press\u00e3o de \u00e1gua.<br \/>\nAtende as demandas frequentes como: pequenos e m\u00e9dios projetos de irriga\u00e7\u00e3o em hortas e jardins e em transfer\u00eancia de m\u00e9dios volumes de \u00e1gua em abastecimentos de tanques agr\u00edcolas, caminh\u00f5es pipas, esvaziamento de pequenos lagos ou tanques de peixes e entre outras situa\u00e7\u00f5es onde se fizer necess\u00e1rio.<\/p>\n","protected":false},"excerpt":{"rendered":"<p>A Motobomba Centr\u00edfuga Toyama TWP50CA, foi desenvolvida para o uso frequente. \u00c9 equipada com motor gasolina 6.5 HP de pot\u00eancia m\u00e1xima, com partida manual.<\/p>\n","protected":false},"featured_media":760,"comment_status":"open","ping_status":"closed","template":"","meta":[],"product_cat":[60,56],"product_tag":[],"_links":{"self":[{"href":"https:\/\/topvalle.com.br\/index.php\/wp-json\/wp\/v2\/product\/759"}],"collection":[{"href":"https:\/\/topvalle.com.br\/index.php\/wp-json\/wp\/v2\/product"}],"about":[{"href":"https:\/\/topvalle.com.br\/index.php\/wp-json\/wp\/v2\/types\/product"}],"replies":[{"embeddable":true,"href":"https:\/\/topvalle.com.br\/index.php\/wp-json\/wp\/v2\/comments?post=759"}],"wp:featuredmedia":[{"embeddable":true,"href":"https:\/\/topvalle.com.br\/index.php\/wp-json\/wp\/v2\/media\/760"}],"wp:attachment":[{"href":"https:\/\/topvalle.com.br\/index.php\/wp-json\/wp\/v2\/media?parent=759"}],"wp:term":[{"taxonomy":"product_cat","embeddable":true,"href":"https:\/\/topvalle.com.br\/index.php\/wp-json\/wp\/v2\/product_cat?post=759"},{"taxonomy":"product_tag","embeddable":true,"href":"https:\/\/topvalle.com.br\/index.php\/wp-json\/wp\/v2\/product_tag?post=759"}],"curies":[{"name":"wp","href":"https:\/\/api.w.org\/{rel}","templated":true}]}}