{"id":761,"date":"2023-04-11T22:34:45","date_gmt":"2023-04-12T01:34:45","guid":{"rendered":"https:\/\/topvalle.com.br\/?post_type=product&#038;p=761"},"modified":"2023-04-11T22:34:46","modified_gmt":"2023-04-12T01:34:46","slug":"motobomba-bfd-bfde-3-x-2-centrifuga","status":"publish","type":"product","link":"https:\/\/topvalle.com.br\/index.php\/produto\/motobomba-bfd-bfde-3-x-2-centrifuga\/","title":{"rendered":"MOTOBOMBA BFD\/BFDE 3&#8243; X 2&#8243; CENTR\u00cdFUGA"},"content":{"rendered":"<p>C\u00f3digo:BDF: 71013 | BFDE: 71012<br \/>\nTipo:Diesel 4T &#8211; Refrigerado a Ar<br \/>\nPot\u00eancia do Motor (Cv)(KW\/Rpm):10,0 (7,4\/3600)<br \/>\nCilindrada (cm\u00b3):418<br \/>\nDi\u00e2metro X Curso (mm):86 X 72<br \/>\nTaxa de Compress\u00e3o :20,0:1<br \/>\n\u00d3leo Lubrificante (L\/tipo):1,7 \/ SAE 15W40<br \/>\nCombust\u00edvel (L\/tipo):5,5 \/ Diesel S500<br \/>\nConsumo M\u00e9dio (L\/h):2,1<br \/>\nSistema de Alimenta\u00e7\u00e3o (Tipo):Inje\u00e7\u00e3o Mec\u00e2nica<br \/>\nSistema de Igni\u00e7\u00e3o (Tipo):Compress\u00e3o<br \/>\nSistema de Partida (Tipo):BFD: Manual | BFDE: El\u00e9trica e Manual<br \/>\nSistema de Lubrifica\u00e7\u00e3o (Tipo):For\u00e7ado por Bomba<br \/>\nFiltro de Ar (Tipo):Elemento de Papel<br \/>\nPress\u00e3o M\u00e1xima (MCA):56,0<br \/>\nVaz\u00e3o M\u00e1xima (m\u00b3\/h):30,0<br \/>\nRotor (\u00d8mm\/Tipo):\u00d8170,0 \/ Fechado<br \/>\nBocais &#8211; Suc\u00e7\u00e3o X Recalque (pol):3&#8243; X 2&#8243;<br \/>\nEixo (Tipo):Chavetado<br \/>\nObserva\u00e7\u00f5es:N\u00e3o acompanha conex\u00f5es<br \/>\nDimens\u00f5es CxLxA (mm):700 X 520 X 580<br \/>\nPeso Bruto (Kg):BFD: 68,8 | BFDE: 88,2<br \/>\nPeso L\u00edquido (Kg):BFD: 65,8 | BFDE: 85,2<\/p>\n","protected":false},"excerpt":{"rendered":"<p>C\u00f3digo:BDF: 71013 | BFDE: 71012<br \/>\nTipo:Diesel 4T &#8211; Refrigerado a Ar<br \/>\nPot\u00eancia do Motor (Cv)(KW\/Rpm):10,0 (7,4\/3600)<br \/>\nCilindrada (cm\u00b3):418<br \/>\nDi\u00e2metro X Curso (mm):86 X 72<br \/>\nTaxa de Compress\u00e3o :20,0:1<br \/>\n\u00d3leo Lubrificante (L\/tipo):1,7 \/ SAE 15W40<br \/>\nCombust\u00edvel (L\/tipo):5,5 \/ Diesel S500<br \/>\nConsumo M\u00e9dio (L\/h):2,1<br \/>\nSistema de Alimenta\u00e7\u00e3o (Tipo):Inje\u00e7\u00e3o Mec\u00e2nica<\/p>\n","protected":false},"featured_media":763,"comment_status":"open","ping_status":"closed","template":"","meta":[],"product_cat":[62,56],"product_tag":[],"_links":{"self":[{"href":"https:\/\/topvalle.com.br\/index.php\/wp-json\/wp\/v2\/product\/761"}],"collection":[{"href":"https:\/\/topvalle.com.br\/index.php\/wp-json\/wp\/v2\/product"}],"about":[{"href":"https:\/\/topvalle.com.br\/index.php\/wp-json\/wp\/v2\/types\/product"}],"replies":[{"embeddable":true,"href":"https:\/\/topvalle.com.br\/index.php\/wp-json\/wp\/v2\/comments?post=761"}],"wp:featuredmedia":[{"embeddable":true,"href":"https:\/\/topvalle.com.br\/index.php\/wp-json\/wp\/v2\/media\/763"}],"wp:attachment":[{"href":"https:\/\/topvalle.com.br\/index.php\/wp-json\/wp\/v2\/media?parent=761"}],"wp:term":[{"taxonomy":"product_cat","embeddable":true,"href":"https:\/\/topvalle.com.br\/index.php\/wp-json\/wp\/v2\/product_cat?post=761"},{"taxonomy":"product_tag","embeddable":true,"href":"https:\/\/topvalle.com.br\/index.php\/wp-json\/wp\/v2\/product_tag?post=761"}],"curies":[{"name":"wp","href":"https:\/\/api.w.org\/{rel}","templated":true}]}}