{"id":764,"date":"2023-04-11T22:38:40","date_gmt":"2023-04-12T01:38:40","guid":{"rendered":"https:\/\/topvalle.com.br\/?post_type=product&#038;p=764"},"modified":"2025-11-21T02:47:42","modified_gmt":"2025-11-21T05:47:42","slug":"motobomba-centrifuga-monoestagio-p-incendio-20-50cv-ecs-in","status":"publish","type":"product","link":"https:\/\/topvalle.com.br\/index.php\/produto\/motobomba-centrifuga-monoestagio-p-incendio-20-50cv-ecs-in\/","title":{"rendered":"MOTOBOMBA CENTR\u00cdFUGA MONOEST\u00c1GIO P\/ INC\u00caNDIO (20 &#8211; 50CV) &#8211; ECS-IN"},"content":{"rendered":"<p>Ideal para sistema de combate a inc\u00eandio onde necessite de bombeamento de \u00e1gua isenta de s\u00f3lidos<\/p>\n<p>&nbsp;<\/p>\n<p>ECS-2000IN<br \/>\nTens\u00e3o\/C\u00f3digo: 220\/380\/440\/760V (C\u00f3d.: 21755.2)<\/p>\n<p>Pot\u00eancia: 20 cv<\/p>\n<p>Di\u00e2metro de Suc\u00e7\u00e3o: 3 pol<\/p>\n<p>Di\u00e2metro de Recalque: 2.1\/2 pol<\/p>\n<p>Di\u00e2metro do Rotor: 194 mm<\/p>\n<p>Press\u00e3o M\u00e1xima: 60 mca<\/p>\n","protected":false},"excerpt":{"rendered":"<p>Ideal para sistema de combate a inc\u00eandio onde necessite de bombeamento de \u00e1gua isenta de s\u00f3lidos<\/p>\n<p>&nbsp;<\/p>\n<p>ECS-2000IN<br \/>\nTens\u00e3o\/C\u00f3digo: 220\/380\/440\/760V (C\u00f3d.: 21755.2)<\/p>\n<p>Pot\u00eancia: 20 cv<\/p>\n","protected":false},"featured_media":762,"comment_status":"open","ping_status":"closed","template":"","meta":[],"product_cat":[63,56],"product_tag":[],"_links":{"self":[{"href":"https:\/\/topvalle.com.br\/index.php\/wp-json\/wp\/v2\/product\/764"}],"collection":[{"href":"https:\/\/topvalle.com.br\/index.php\/wp-json\/wp\/v2\/product"}],"about":[{"href":"https:\/\/topvalle.com.br\/index.php\/wp-json\/wp\/v2\/types\/product"}],"replies":[{"embeddable":true,"href":"https:\/\/topvalle.com.br\/index.php\/wp-json\/wp\/v2\/comments?post=764"}],"wp:featuredmedia":[{"embeddable":true,"href":"https:\/\/topvalle.com.br\/index.php\/wp-json\/wp\/v2\/media\/762"}],"wp:attachment":[{"href":"https:\/\/topvalle.com.br\/index.php\/wp-json\/wp\/v2\/media?parent=764"}],"wp:term":[{"taxonomy":"product_cat","embeddable":true,"href":"https:\/\/topvalle.com.br\/index.php\/wp-json\/wp\/v2\/product_cat?post=764"},{"taxonomy":"product_tag","embeddable":true,"href":"https:\/\/topvalle.com.br\/index.php\/wp-json\/wp\/v2\/product_tag?post=764"}],"curies":[{"name":"wp","href":"https:\/\/api.w.org\/{rel}","templated":true}]}}