{"id":766,"date":"2023-04-11T22:40:09","date_gmt":"2023-04-12T01:40:09","guid":{"rendered":"https:\/\/topvalle.com.br\/?post_type=product&#038;p=766"},"modified":"2023-04-11T22:40:09","modified_gmt":"2023-04-12T01:40:09","slug":"bomba-multiestagio-3","status":"publish","type":"product","link":"https:\/\/topvalle.com.br\/index.php\/produto\/bomba-multiestagio-3\/","title":{"rendered":"Bomba multiestagio 3&#8243;"},"content":{"rendered":"<p>Aplicada em po\u00e7o artesiano para bombear \u00e1gua limpa e isenta de s\u00f3lidos para pequenas irriga\u00e7\u00f5es , abastecimento residencial e reservat\u00f3rios. Por ser uma bomba multiest\u00e1gio alcan\u00e7a gandes alturas sem perda consider\u00e1veis de vaz\u00e3o;<\/p>\n","protected":false},"excerpt":{"rendered":"<p>Aplicada em po\u00e7o artesiano para bombear \u00e1gua limpa e isenta de s\u00f3lidos para pequenas irriga\u00e7\u00f5es , abastecimento residencial e reservat\u00f3rios. Por ser uma bomba multiest\u00e1gio alcan\u00e7a gandes alturas sem perda consider\u00e1veis de vaz\u00e3o;<\/p>\n","protected":false},"featured_media":767,"comment_status":"open","ping_status":"closed","template":"","meta":[],"product_cat":[63,56],"product_tag":[],"_links":{"self":[{"href":"https:\/\/topvalle.com.br\/index.php\/wp-json\/wp\/v2\/product\/766"}],"collection":[{"href":"https:\/\/topvalle.com.br\/index.php\/wp-json\/wp\/v2\/product"}],"about":[{"href":"https:\/\/topvalle.com.br\/index.php\/wp-json\/wp\/v2\/types\/product"}],"replies":[{"embeddable":true,"href":"https:\/\/topvalle.com.br\/index.php\/wp-json\/wp\/v2\/comments?post=766"}],"wp:featuredmedia":[{"embeddable":true,"href":"https:\/\/topvalle.com.br\/index.php\/wp-json\/wp\/v2\/media\/767"}],"wp:attachment":[{"href":"https:\/\/topvalle.com.br\/index.php\/wp-json\/wp\/v2\/media?parent=766"}],"wp:term":[{"taxonomy":"product_cat","embeddable":true,"href":"https:\/\/topvalle.com.br\/index.php\/wp-json\/wp\/v2\/product_cat?post=766"},{"taxonomy":"product_tag","embeddable":true,"href":"https:\/\/topvalle.com.br\/index.php\/wp-json\/wp\/v2\/product_tag?post=766"}],"curies":[{"name":"wp","href":"https:\/\/api.w.org\/{rel}","templated":true}]}}