{"id":770,"date":"2023-04-11T22:45:19","date_gmt":"2023-04-12T01:45:19","guid":{"rendered":"https:\/\/topvalle.com.br\/?post_type=product&#038;p=770"},"modified":"2023-04-11T22:45:19","modified_gmt":"2023-04-12T01:45:19","slug":"motobomba-pre-filtro-para-piscina-ebp-1","status":"publish","type":"product","link":"https:\/\/topvalle.com.br\/index.php\/produto\/motobomba-pre-filtro-para-piscina-ebp-1\/","title":{"rendered":"MOTOBOMBA PR\u00c9-FILTRO PARA PISCINA &#8211; EBP-1"},"content":{"rendered":"<p>Ideal para pr\u00e9-filtro de piscina, para aplica\u00e7\u00e3o de bombeamento de \u00e1gua limpa.<\/p>\n<p>&nbsp;<\/p>\n<p>Dados T\u00e9cnicos<\/p>\n<p>EBP-100M-1<\/p>\n<p>Tens\u00e3o\/C\u00f3digo: 220V (C\u00f3d.:42471.0)<\/p>\n<p>Pot\u00eancia: 1,0 cv<\/p>\n<p>Di\u00e2metro de Suc\u00e7\u00e3o: 2&#8243; BSP<\/p>\n<p>Di\u00e2metro de Recalque: 2&#8243; BSP<\/p>\n<p>Di\u00e2metro do Rotor: 57,5 mm<\/p>\n<p>&nbsp;<\/p>\n<p>EBP-200M-1<\/p>\n<p>Tens\u00e3o\/C\u00f3digo: 220V (C\u00f3d.:42472.0)<\/p>\n<p>Pot\u00eancia: 2,0 cv<\/p>\n<p>Di\u00e2metro de Suc\u00e7\u00e3o: 2&#8243; BSP<\/p>\n<p>Di\u00e2metro de Recalque: 2&#8243; BSP<\/p>\n<p>Di\u00e2metro do Rotor: 66,5 mm<\/p>\n","protected":false},"excerpt":{"rendered":"<p>Ideal para pr\u00e9-filtro de piscina, para aplica\u00e7\u00e3o de bombeamento de \u00e1gua limpa.<\/p>\n","protected":false},"featured_media":771,"comment_status":"open","ping_status":"closed","template":"","meta":[],"product_cat":[63,56],"product_tag":[],"_links":{"self":[{"href":"https:\/\/topvalle.com.br\/index.php\/wp-json\/wp\/v2\/product\/770"}],"collection":[{"href":"https:\/\/topvalle.com.br\/index.php\/wp-json\/wp\/v2\/product"}],"about":[{"href":"https:\/\/topvalle.com.br\/index.php\/wp-json\/wp\/v2\/types\/product"}],"replies":[{"embeddable":true,"href":"https:\/\/topvalle.com.br\/index.php\/wp-json\/wp\/v2\/comments?post=770"}],"wp:featuredmedia":[{"embeddable":true,"href":"https:\/\/topvalle.com.br\/index.php\/wp-json\/wp\/v2\/media\/771"}],"wp:attachment":[{"href":"https:\/\/topvalle.com.br\/index.php\/wp-json\/wp\/v2\/media?parent=770"}],"wp:term":[{"taxonomy":"product_cat","embeddable":true,"href":"https:\/\/topvalle.com.br\/index.php\/wp-json\/wp\/v2\/product_cat?post=770"},{"taxonomy":"product_tag","embeddable":true,"href":"https:\/\/topvalle.com.br\/index.php\/wp-json\/wp\/v2\/product_tag?post=770"}],"curies":[{"name":"wp","href":"https:\/\/api.w.org\/{rel}","templated":true}]}}