{"id":775,"date":"2023-04-11T22:50:53","date_gmt":"2023-04-12T01:50:53","guid":{"rendered":"https:\/\/topvalle.com.br\/?post_type=product&#038;p=775"},"modified":"2024-02-27T04:15:13","modified_gmt":"2024-02-27T07:15:13","slug":"pressurizador-automatico-de-rede-120w-epr-18a","status":"publish","type":"product","link":"https:\/\/topvalle.com.br\/index.php\/produto\/pressurizador-automatico-de-rede-120w-epr-18a\/","title":{"rendered":"PRESSURIZADOR AUTOM\u00c1TICO DE REDE 120W &#8211; EPR-18A"},"content":{"rendered":"<p>Pr\u00e1tico, leve e eficaz o pressurizador que fornecer\u00e1 a press\u00e3o necess\u00e1ria para sua rede de \u00e1gua de forma autom\u00e1tica, utilizado para pressuriza\u00e7\u00e3o de sistemas hidr\u00e1ulicos residenciais.<\/p>\n<p>&nbsp;<\/p>\n<p>Dados T\u00e9cnicos<\/p>\n<p>Tens\u00e3o\/C\u00f3digo: 127V Monof\u00e1sico (C\u00f3d.: 28302.4)<\/p>\n<p>220V Monof\u00e1sico (C\u00f3d.: 28303.2)<\/p>\n<p>Pot\u00eancia: 120W<\/p>\n<p>Frequ\u00eancia: 60 Hz<\/p>\n<p>Di\u00e2metro de Suc\u00e7\u00e3o: 3\/4 BSP<\/p>\n<p>Di\u00e2metro de Recalque: 3\/4 BSP<\/p>\n<p>Press\u00e3o M\u00e1xima: 9 MCA<\/p>\n<p>&nbsp;<\/p>\n<p>Verifique tabela de vaz\u00e3o e ficha t\u00e9cnica.<\/p>\n","protected":false},"excerpt":{"rendered":"<p>Pr\u00e1tico, leve e eficaz o pressurizador que fornecer\u00e1 a press\u00e3o necess\u00e1ria para sua rede de \u00e1gua de forma autom\u00e1tica, utilizado para pressuriza\u00e7\u00e3o de sistemas hidr\u00e1ulicos residenciais.<\/p>\n","protected":false},"featured_media":776,"comment_status":"open","ping_status":"closed","template":"","meta":[],"product_cat":[88],"product_tag":[],"_links":{"self":[{"href":"https:\/\/topvalle.com.br\/index.php\/wp-json\/wp\/v2\/product\/775"}],"collection":[{"href":"https:\/\/topvalle.com.br\/index.php\/wp-json\/wp\/v2\/product"}],"about":[{"href":"https:\/\/topvalle.com.br\/index.php\/wp-json\/wp\/v2\/types\/product"}],"replies":[{"embeddable":true,"href":"https:\/\/topvalle.com.br\/index.php\/wp-json\/wp\/v2\/comments?post=775"}],"wp:featuredmedia":[{"embeddable":true,"href":"https:\/\/topvalle.com.br\/index.php\/wp-json\/wp\/v2\/media\/776"}],"wp:attachment":[{"href":"https:\/\/topvalle.com.br\/index.php\/wp-json\/wp\/v2\/media?parent=775"}],"wp:term":[{"taxonomy":"product_cat","embeddable":true,"href":"https:\/\/topvalle.com.br\/index.php\/wp-json\/wp\/v2\/product_cat?post=775"},{"taxonomy":"product_tag","embeddable":true,"href":"https:\/\/topvalle.com.br\/index.php\/wp-json\/wp\/v2\/product_tag?post=775"}],"curies":[{"name":"wp","href":"https:\/\/api.w.org\/{rel}","templated":true}]}}