{"id":779,"date":"2023-04-11T22:54:52","date_gmt":"2023-04-12T01:54:52","guid":{"rendered":"https:\/\/topvalle.com.br\/?post_type=product&#038;p=779"},"modified":"2023-04-11T22:54:52","modified_gmt":"2023-04-12T01:54:52","slug":"motor-de-popa-bfg-52cc-2t","status":"publish","type":"product","link":"https:\/\/topvalle.com.br\/index.php\/produto\/motor-de-popa-bfg-52cc-2t\/","title":{"rendered":"MOTOR DE POPA BFG 52CC 2T"},"content":{"rendered":"<p>C\u00f3digo:50240<br \/>\nTipo:Gasolina 2T &#8211; Refrigerado a Ar<br \/>\nPot\u00eancia M\u00e1xima (Cv)(KW\/Rpm):2,0 (1,5\/7200)<br \/>\nDi\u00e2metro X Curso (mm):44 X 34<br \/>\n\u00d3leo Lubrificante (L\/tipo):25:1 (40mL\/Litro)<br \/>\nCombust\u00edvel (L\/tipo):1,2 \/ Gasolina + \u00d3leo 2T<br \/>\nConsumo M\u00e9dio (L\/h):1,2<br \/>\nSistema de Alimenta\u00e7\u00e3o (Tipo):Carburador (Diafragma)<br \/>\nSistema de Igni\u00e7\u00e3o (Tipo):Eletr\u00f4nica (CDI)<br \/>\nSistema de Partida (Tipo):Manual<br \/>\nFiltro de Ar (Tipo):Espuma<br \/>\nH\u00e9lice &#8211; N\u00b0 P\u00e1s \/ Di\u00e2metro (mm):3 \/ \u00d8180<br \/>\nSistema de Dire\u00e7\u00e3o (Tipo):Manete<br \/>\n\u00c2ngulo de Dire\u00e7\u00e3o :360\u00b0<br \/>\nTransmiss\u00e3o (Tipo):Embreagem Centr\u00edfuga<br \/>\nDimens\u00f5es CxLxA (mm):1080 X 320 X 290<br \/>\nPeso Bruto (Kg):10,0<br \/>\nPeso L\u00edquido (Kg):8,2<\/p>\n","protected":false},"excerpt":{"rendered":"<p>C\u00f3digo:50240<br \/>\nTipo:Gasolina 2T &#8211; Refrigerado a Ar<br \/>\nPot\u00eancia M\u00e1xima (Cv)(KW\/Rpm):2,0 (1,5\/7200)<br \/>\nDi\u00e2metro X Curso (mm):44 X 34<\/p>\n","protected":false},"featured_media":780,"comment_status":"open","ping_status":"closed","template":"","meta":[],"product_cat":[65,66],"product_tag":[],"_links":{"self":[{"href":"https:\/\/topvalle.com.br\/index.php\/wp-json\/wp\/v2\/product\/779"}],"collection":[{"href":"https:\/\/topvalle.com.br\/index.php\/wp-json\/wp\/v2\/product"}],"about":[{"href":"https:\/\/topvalle.com.br\/index.php\/wp-json\/wp\/v2\/types\/product"}],"replies":[{"embeddable":true,"href":"https:\/\/topvalle.com.br\/index.php\/wp-json\/wp\/v2\/comments?post=779"}],"wp:featuredmedia":[{"embeddable":true,"href":"https:\/\/topvalle.com.br\/index.php\/wp-json\/wp\/v2\/media\/780"}],"wp:attachment":[{"href":"https:\/\/topvalle.com.br\/index.php\/wp-json\/wp\/v2\/media?parent=779"}],"wp:term":[{"taxonomy":"product_cat","embeddable":true,"href":"https:\/\/topvalle.com.br\/index.php\/wp-json\/wp\/v2\/product_cat?post=779"},{"taxonomy":"product_tag","embeddable":true,"href":"https:\/\/topvalle.com.br\/index.php\/wp-json\/wp\/v2\/product_tag?post=779"}],"curies":[{"name":"wp","href":"https:\/\/api.w.org\/{rel}","templated":true}]}}