{"id":781,"date":"2023-04-11T22:56:34","date_gmt":"2023-04-12T01:56:34","guid":{"rendered":"https:\/\/topvalle.com.br\/?post_type=product&#038;p=781"},"modified":"2023-04-11T22:56:34","modified_gmt":"2023-04-12T01:56:34","slug":"motor-de-popa-tm5-8ts","status":"publish","type":"product","link":"https:\/\/topvalle.com.br\/index.php\/produto\/motor-de-popa-tm5-8ts\/","title":{"rendered":"MOTOR DE POPA \u2013 TM5.8TS"},"content":{"rendered":"<p>Motor de Popa de Pist\u00e3o 2 Tempos, igni\u00e7\u00e3o por centelha, TM5.8TS, com 5.8 HP de pot\u00eancia m\u00e1xima. Possui sistema de igni\u00e7\u00e3o por CDI e afogador, que permite executar partidas mais r\u00e1pidas e f\u00e1ceis. O TM5.8TS \u00e9 pr\u00e1tico na hora de montar, com um design leve e compacto facilita o transporte. Oferece \u00f3timo rendimento, desempenho e baixo consumo de combust\u00edvel. Al\u00e9m disso, conta com um sistema de regulagem que permite inclinar facilmente o motor em v\u00e1rias posi\u00e7\u00f5es diferentes, para navegar com tranquilidade em \u00e1guas rasas. O TM5.8TS \u00e9 ideal para navega\u00e7\u00e3o em rios e mares, para pesca profissional ou esportiva, para passeios, transporte e demais atividades n\u00e1uticas.<\/p>\n","protected":false},"excerpt":{"rendered":"<p>Motor de Popa de Pist\u00e3o 2 Tempos, igni\u00e7\u00e3o por centelha, TM5.8TS, com 5.8 HP de pot\u00eancia m\u00e1xima. Possui sistema de igni\u00e7\u00e3o por CDI e afogador, que permite executar partidas mais r\u00e1pidas e f\u00e1ceis. O TM5.8TS \u00e9 pr\u00e1tico na hora de montar, com um design leve e compacto facilita o transporte. Oferece \u00f3timo rendimento, desempenho e baixo consumo de combust\u00edvel.<\/p>\n","protected":false},"featured_media":782,"comment_status":"open","ping_status":"closed","template":"","meta":[],"product_cat":[65,66],"product_tag":[],"_links":{"self":[{"href":"https:\/\/topvalle.com.br\/index.php\/wp-json\/wp\/v2\/product\/781"}],"collection":[{"href":"https:\/\/topvalle.com.br\/index.php\/wp-json\/wp\/v2\/product"}],"about":[{"href":"https:\/\/topvalle.com.br\/index.php\/wp-json\/wp\/v2\/types\/product"}],"replies":[{"embeddable":true,"href":"https:\/\/topvalle.com.br\/index.php\/wp-json\/wp\/v2\/comments?post=781"}],"wp:featuredmedia":[{"embeddable":true,"href":"https:\/\/topvalle.com.br\/index.php\/wp-json\/wp\/v2\/media\/782"}],"wp:attachment":[{"href":"https:\/\/topvalle.com.br\/index.php\/wp-json\/wp\/v2\/media?parent=781"}],"wp:term":[{"taxonomy":"product_cat","embeddable":true,"href":"https:\/\/topvalle.com.br\/index.php\/wp-json\/wp\/v2\/product_cat?post=781"},{"taxonomy":"product_tag","embeddable":true,"href":"https:\/\/topvalle.com.br\/index.php\/wp-json\/wp\/v2\/product_tag?post=781"}],"curies":[{"name":"wp","href":"https:\/\/api.w.org\/{rel}","templated":true}]}}