{"id":783,"date":"2023-04-11T22:58:45","date_gmt":"2023-04-12T01:58:45","guid":{"rendered":"https:\/\/topvalle.com.br\/?post_type=product&#038;p=783"},"modified":"2023-04-11T22:58:45","modified_gmt":"2023-04-12T01:58:45","slug":"caixa-redutora-tgb16-30","status":"publish","type":"product","link":"https:\/\/topvalle.com.br\/index.php\/produto\/caixa-redutora-tgb16-30\/","title":{"rendered":"CAIXA REDUTORA \u2013 TGB16-30"},"content":{"rendered":"<p>O Reversor Mar\u00edtimo TGB16-30 possui uma rela\u00e7\u00e3o de transmiss\u00e3o nominal de 3.0:1. Seu sistema de embreagem \u00e9 composto por disco de fric\u00e7\u00e3o, o que torna mais suave a mudan\u00e7a de posi\u00e7\u00e3o. Projetado com materiais da mais alta qualidade, tem uma durabilidade prolongada. O TGB16-30 \u00e9 ideal para o uso em embarca\u00e7\u00f5es de uso profissional ou lazer, de pequeno e m\u00e9dio porte para atividades n\u00e1uticas e subsist\u00eancia. Podem ser acoplados em nossos Motores da Linha TDW ou em diversos outros tipos de motores diesel.<\/p>\n","protected":false},"excerpt":{"rendered":"<p>O Reversor Mar\u00edtimo TGB16-30 possui uma rela\u00e7\u00e3o de transmiss\u00e3o nominal de 3.0:1. Seu sistema de embreagem \u00e9 composto por disco de fric\u00e7\u00e3o, o que torna mais suave a mudan\u00e7a de posi\u00e7\u00e3o. Projetado com materiais da mais alta qualidade, tem uma durabilidade prolongada.<\/p>\n","protected":false},"featured_media":784,"comment_status":"open","ping_status":"closed","template":"","meta":[],"product_cat":[67,65],"product_tag":[],"_links":{"self":[{"href":"https:\/\/topvalle.com.br\/index.php\/wp-json\/wp\/v2\/product\/783"}],"collection":[{"href":"https:\/\/topvalle.com.br\/index.php\/wp-json\/wp\/v2\/product"}],"about":[{"href":"https:\/\/topvalle.com.br\/index.php\/wp-json\/wp\/v2\/types\/product"}],"replies":[{"embeddable":true,"href":"https:\/\/topvalle.com.br\/index.php\/wp-json\/wp\/v2\/comments?post=783"}],"wp:featuredmedia":[{"embeddable":true,"href":"https:\/\/topvalle.com.br\/index.php\/wp-json\/wp\/v2\/media\/784"}],"wp:attachment":[{"href":"https:\/\/topvalle.com.br\/index.php\/wp-json\/wp\/v2\/media?parent=783"}],"wp:term":[{"taxonomy":"product_cat","embeddable":true,"href":"https:\/\/topvalle.com.br\/index.php\/wp-json\/wp\/v2\/product_cat?post=783"},{"taxonomy":"product_tag","embeddable":true,"href":"https:\/\/topvalle.com.br\/index.php\/wp-json\/wp\/v2\/product_tag?post=783"}],"curies":[{"name":"wp","href":"https:\/\/api.w.org\/{rel}","templated":true}]}}