{"id":785,"date":"2023-04-11T23:00:49","date_gmt":"2023-04-12T02:00:49","guid":{"rendered":"https:\/\/topvalle.com.br\/?post_type=product&#038;p=785"},"modified":"2023-04-11T23:00:49","modified_gmt":"2023-04-12T02:00:49","slug":"reversor-maritimo-hidraulico-ma142a-3-01","status":"publish","type":"product","link":"https:\/\/topvalle.com.br\/index.php\/produto\/reversor-maritimo-hidraulico-ma142a-3-01\/","title":{"rendered":"REVERSOR MAR\u00cdTIMO HIDR\u00c1ULICO MA142A (3.0:1)"},"content":{"rendered":"<p>C\u00f3digo:80157<br \/>\nPot\u00eancia M\u00e1x. no Eixo de Entrada (Cv):160,0<br \/>\nRota\u00e7\u00e3o Recomendada do Motor (Rpm):1000 a 2500<br \/>\nRaz\u00e3o de Pot\u00eancia (Cv\/Rpm):0,0444<br \/>\nTorque Nominal (Kgf.m):31,2<br \/>\nPropuls\u00e3o Nominal do H\u00e9lice (N):9000,0<br \/>\nRedu\u00e7\u00e3o Nominal :3,0:1<br \/>\nDist\u00e2ncia do Centro (mm):142,0<br \/>\nTempo de Revers\u00e3o (s):\u226410<br \/>\n\u00d3leo Lubrificante (L\/Tipo):6,0 \/ SAE 15W40<br \/>\nTipo da Embreagem :Disco de Fric\u00e7\u00e3o Multiplo<br \/>\nSentido de Rota\u00e7\u00e3o (Entrada\/Sa\u00edda):Anti-Hor\u00e1rio\/Hor\u00e1rio<br \/>\nAcoplamento (Incluso no Produto):Uni\u00e3o El\u00e1stica SAE #3\/10<br \/>\nPot\u00eancia M\u00e1xima p\/ 1800 Rpm (Cv):80,0<br \/>\nPot\u00eancia M\u00e1xima p\/ 2200 Rpm (Cv):110,0<br \/>\nPot\u00eancia M\u00e1xima p\/ 3000 Rpm (Cv):150,0<br \/>\nDimens\u00f5es CxLxA (mm):520 X 500 X 670<br \/>\nPeso Bruto (Kg):155,8<br \/>\nPeso L\u00edquido (Kg):138,8<\/p>\n","protected":false},"excerpt":{"rendered":"<p>C\u00f3digo:80157<br \/>\nPot\u00eancia M\u00e1x. no Eixo de Entrada (Cv):160,0<br \/>\nRota\u00e7\u00e3o Recomendada do Motor (Rpm):1000 a 2500<br \/>\nRaz\u00e3o de Pot\u00eancia (Cv\/Rpm):0,0444<\/p>\n","protected":false},"featured_media":786,"comment_status":"open","ping_status":"closed","template":"","meta":[],"product_cat":[67,65],"product_tag":[],"_links":{"self":[{"href":"https:\/\/topvalle.com.br\/index.php\/wp-json\/wp\/v2\/product\/785"}],"collection":[{"href":"https:\/\/topvalle.com.br\/index.php\/wp-json\/wp\/v2\/product"}],"about":[{"href":"https:\/\/topvalle.com.br\/index.php\/wp-json\/wp\/v2\/types\/product"}],"replies":[{"embeddable":true,"href":"https:\/\/topvalle.com.br\/index.php\/wp-json\/wp\/v2\/comments?post=785"}],"wp:featuredmedia":[{"embeddable":true,"href":"https:\/\/topvalle.com.br\/index.php\/wp-json\/wp\/v2\/media\/786"}],"wp:attachment":[{"href":"https:\/\/topvalle.com.br\/index.php\/wp-json\/wp\/v2\/media?parent=785"}],"wp:term":[{"taxonomy":"product_cat","embeddable":true,"href":"https:\/\/topvalle.com.br\/index.php\/wp-json\/wp\/v2\/product_cat?post=785"},{"taxonomy":"product_tag","embeddable":true,"href":"https:\/\/topvalle.com.br\/index.php\/wp-json\/wp\/v2\/product_tag?post=785"}],"curies":[{"name":"wp","href":"https:\/\/api.w.org\/{rel}","templated":true}]}}