{"id":787,"date":"2023-04-11T23:03:44","date_gmt":"2023-04-12T02:03:44","guid":{"rendered":"https:\/\/topvalle.com.br\/?post_type=product&#038;p=787"},"modified":"2023-04-11T23:03:44","modified_gmt":"2023-04-12T02:03:44","slug":"bt-1942","status":"publish","type":"product","link":"https:\/\/topvalle.com.br\/index.php\/produto\/bt-1942\/","title":{"rendered":"BT 1942"},"content":{"rendered":"<p>O Trator cortador de grama BT 1942, de alta performance, desenvolvido para auxiliar nos servi\u00e7os realizados em ch\u00e1caras, clubes, grandes condom\u00ednios e jardins. Movido a gasolina, vem equipado com motor Briggs &amp; Stratton INTEK EX 1900. O diferencial \u00e9 a combina\u00e7\u00e3o perfeita entre tecnologia e efici\u00eancia, que possibilita um tempo de corte 24% mais r\u00e1pido em um terreno de 10.000m2, quando comparado aos outros modelos concorrentes dispon\u00edveis no mercado.<\/p>\n","protected":false},"excerpt":{"rendered":"<p>O Trator cortador de grama BT 1942, de alta performance, desenvolvido para auxiliar nos servi\u00e7os realizados em ch\u00e1caras, clubes, grandes condom\u00ednios e jardins. Movido a gasolina, vem equipado com motor Briggs &amp; Stratton INTEK EX 1900. O diferencial \u00e9 a combina\u00e7\u00e3o perfeita entre tecnologia e efici\u00eancia, que possibilita um tempo de corte 24% mais r\u00e1pido em um terreno de 10.000m2, quando comparado aos outros modelos concorrentes dispon\u00edveis no mercado.<\/p>\n","protected":false},"featured_media":788,"comment_status":"open","ping_status":"closed","template":"","meta":[],"product_cat":[68,69],"product_tag":[],"_links":{"self":[{"href":"https:\/\/topvalle.com.br\/index.php\/wp-json\/wp\/v2\/product\/787"}],"collection":[{"href":"https:\/\/topvalle.com.br\/index.php\/wp-json\/wp\/v2\/product"}],"about":[{"href":"https:\/\/topvalle.com.br\/index.php\/wp-json\/wp\/v2\/types\/product"}],"replies":[{"embeddable":true,"href":"https:\/\/topvalle.com.br\/index.php\/wp-json\/wp\/v2\/comments?post=787"}],"wp:featuredmedia":[{"embeddable":true,"href":"https:\/\/topvalle.com.br\/index.php\/wp-json\/wp\/v2\/media\/788"}],"wp:attachment":[{"href":"https:\/\/topvalle.com.br\/index.php\/wp-json\/wp\/v2\/media?parent=787"}],"wp:term":[{"taxonomy":"product_cat","embeddable":true,"href":"https:\/\/topvalle.com.br\/index.php\/wp-json\/wp\/v2\/product_cat?post=787"},{"taxonomy":"product_tag","embeddable":true,"href":"https:\/\/topvalle.com.br\/index.php\/wp-json\/wp\/v2\/product_tag?post=787"}],"curies":[{"name":"wp","href":"https:\/\/api.w.org\/{rel}","templated":true}]}}