{"id":793,"date":"2023-04-11T23:09:35","date_gmt":"2023-04-12T02:09:35","guid":{"rendered":"https:\/\/topvalle.com.br\/?post_type=product&#038;p=793"},"modified":"2023-04-11T23:09:35","modified_gmt":"2023-04-12T02:09:35","slug":"motocultivador-bfd-850-plus","status":"publish","type":"product","link":"https:\/\/topvalle.com.br\/index.php\/produto\/motocultivador-bfd-850-plus\/","title":{"rendered":"MOTOCULTIVADOR BFD 850 PLUS"},"content":{"rendered":"<p>C\u00f3digo:70564<br \/>\nTipo:Diesel 4T &#8211; Refrigerado a Ar<br \/>\nPot\u00eancia M\u00e1xima (Cv)(KW\/Rpm):5,0 (3,7\/3600)<br \/>\nTorque M\u00e1ximo (Kgf.m\/Rpm):1,30\/2500<br \/>\nCilindrada (cm\u00b3):247<br \/>\nDi\u00e2metro X Curso (mm):73 X 59<br \/>\nTaxa de Compress\u00e3o :20,0:1<br \/>\n\u00d3leo Lubrificante (L\/tipo):0,75 \/ SAE 15W40<br \/>\nCombust\u00edvel (L\/tipo):2,5 \/ Diesel S500<br \/>\nConsumo M\u00e9dio (L\/h):1,4<br \/>\nSistema de Alimenta\u00e7\u00e3o (Tipo):Inje\u00e7\u00e3o Mec\u00e2nica<br \/>\nSistema de Igni\u00e7\u00e3o (Tipo):Compress\u00e3o<br \/>\nSistema de Partida (Tipo):Manual<br \/>\nSistema de Lubrifica\u00e7\u00e3o (Tipo):For\u00e7ado por Bomba<br \/>\nFiltro de Ar (Tipo):A \u00d3leo<br \/>\nTransmiss\u00e3o (Marchas):2 a Frente, Neutro e R\u00e9<br \/>\nTransmiss\u00e3o (Acionamento): Esticador de Correias<br \/>\nLargura de Corte \/ Profundidade (mm):1000 \/ 300<br \/>\nPneus &#8211; Medidas (pol) \/ Press\u00e3o (psi):4.00&#8243;\/8&#8243; (38)<br \/>\n\u00d3leo da Transmiss\u00e3o (L\/Tipo):1,0 \/ SAE 90<br \/>\nFarol:N\u00e3o<br \/>\nDimens\u00f5es CxLxA (mm):98,0<br \/>\nPeso L\u00edquido (Kg):91,0<\/p>\n","protected":false},"excerpt":{"rendered":"<p>C\u00f3digo:70564<br \/>\nTipo:Diesel 4T &#8211; Refrigerado a Ar<br \/>\nPot\u00eancia M\u00e1xima (Cv)(KW\/Rpm):5,0 (3,7\/3600)<br \/>\nTorque M\u00e1ximo (Kgf.m\/Rpm):1,30\/2500<\/p>\n","protected":false},"featured_media":794,"comment_status":"open","ping_status":"closed","template":"","meta":[],"product_cat":[68,70],"product_tag":[],"_links":{"self":[{"href":"https:\/\/topvalle.com.br\/index.php\/wp-json\/wp\/v2\/product\/793"}],"collection":[{"href":"https:\/\/topvalle.com.br\/index.php\/wp-json\/wp\/v2\/product"}],"about":[{"href":"https:\/\/topvalle.com.br\/index.php\/wp-json\/wp\/v2\/types\/product"}],"replies":[{"embeddable":true,"href":"https:\/\/topvalle.com.br\/index.php\/wp-json\/wp\/v2\/comments?post=793"}],"wp:featuredmedia":[{"embeddable":true,"href":"https:\/\/topvalle.com.br\/index.php\/wp-json\/wp\/v2\/media\/794"}],"wp:attachment":[{"href":"https:\/\/topvalle.com.br\/index.php\/wp-json\/wp\/v2\/media?parent=793"}],"wp:term":[{"taxonomy":"product_cat","embeddable":true,"href":"https:\/\/topvalle.com.br\/index.php\/wp-json\/wp\/v2\/product_cat?post=793"},{"taxonomy":"product_tag","embeddable":true,"href":"https:\/\/topvalle.com.br\/index.php\/wp-json\/wp\/v2\/product_tag?post=793"}],"curies":[{"name":"wp","href":"https:\/\/api.w.org\/{rel}","templated":true}]}}